{"id":3804,"date":"2019-05-12T07:56:53","date_gmt":"2019-05-12T05:56:53","guid":{"rendered":"http:\/\/www.kajakshop.hu\/?post_type=product&#038;p=3804"},"modified":"2025-04-15T19:07:30","modified_gmt":"2025-04-15T17:07:30","slug":"perception-expression-15-sun-tengeri-kajak","status":"publish","type":"product","link":"http:\/\/www.kajakshop.hu\/en\/product\/perception-expression-15-sun-tengeri-kajak\/","title":{"rendered":"PERCEPTION Expression 15 Skeg + Spec. Sun sea kayak"},"content":{"rendered":"<div class=\"container row-wrap-container\"><div class=\"vc_row wpb_row vc_row-fluid bg-center_center\"><\/div><\/div><div class=\"wpb_column vc_column_container vc_col-sm-12\"><div class=\"vc_column-inner\"><div class=\"wpb_wrapper\"><\/div><\/div><\/div>\n\t<div class=\"wpb_text_column wpb_content_element\" >\n\t\t<div class=\"wpb_wrapper\">\n\t\t\t\n\t\t<\/div>\n\t<\/div>\n<h5>The Perception Expression 15 touring kayak is the second most serious touring kayak of the Perception Expression series or. your sea touring kayak at Perception.<\/h5>\n<p>It is equipped with a keel as standard, but you can also request a Luxe model with a rudder. A beautiful, eye-catching boat for dedicated kayakers who have not yet targeted the 5m+ size range. Speed and steering are excellent on this easy-to-handle kayak. If we get into strong crosswinds at sea or on lakes, our Trutrak keel helps a lot. In addition to the standard seat size (L), adjustable thigh support and an amazingly comfortable seat pamper us on a long-distance tour. The long nose nicely cuts the big waves in half and the gently curved bottom makes the stormy waves dance out. Very nice boat and suitable even for sea surfing.<\/p>\n<p>In 2011, it won the public vote of the largest English magazine, Kayak &amp; Canoe magazine, and was chosen as the best kayak.<\/p>\n<p>The Perception Expression 15 is the best 4m to 5m sea kayak available in Hungary. It is made in England, from the best American plastic (polyethylene from the Dagger company) with the most comfortable seat ever produced in the world of kayaks. It&#039;s a big deal that from a 50 kg woman to a 120 kg large man, it is the most comfortable fast touring kayak available in our country. Its former opponents Boreal and Riot were bought by the Chinese, so the quality of these kayaks has weakened to such an extent that they are not rivals to Perception in terms of design and material quality. Those who paddle with their legs raised high, those who sit in the kayak with their legs extended, those with thin thighs, those with very thick thighs will all be happy in this excellently crafted kayak.<\/p>\n<p>Spikes and steering wheel: HUF 45,000 extra<\/p>","protected":false},"excerpt":{"rendered":"<p>A Perception Expression 15 t\u00farakajak a Perception Expression sz\u00e9ria m\u00e1sodik legkomolyabb t\u00farakajak ill. tengeri t\u00farakajakja a Perception- n\u00e1l. Alapb\u00f3l szkeg- gel van szerelve, de lehet korm\u00e1nylap\u00e1ttal kieg\u00e9sz\u00edtett Luxe modellt is k\u00e9rni. Gy\u00f6ny\u00f6r\u0171, szemet gy\u00f6ny\u00f6rk\u00f6dtet\u0151 haj\u00f3 elk\u00f6telezett kajakosoknak, akik m\u00e9g nem az 5 m feletti m\u00e9rettartom\u00e1nyt c\u00e9lozt\u00e1k meg. A gyorsas\u00e1g az ir\u00e1nytart\u00e1s kiv\u00e1l\u00f3 ezen a k\u00f6nnyen&#8230;<\/p>","protected":false},"featured_media":3805,"template":"","meta":{"om_disable_all_campaigns":false,"_monsterinsights_skip_tracking":false,"_monsterinsights_sitenote_active":false,"_monsterinsights_sitenote_note":"","_monsterinsights_sitenote_category":0},"product_brand":[],"product_cat":[265,397,355,356],"product_tag":[421,429,428],"class_list":{"0":"post-3804","1":"product","2":"type-product","3":"status-publish","4":"has-post-thumbnail","6":"product_cat-elado-kajak","7":"product_cat-rental-kolcsonzos-kajaktipus","8":"product_cat-tengeri-kajak","9":"product_cat-tura-kajak","10":"product_tag-kajak","11":"product_tag-perception","12":"product_tag-tengeri-kajak","14":"first","15":"instock","16":"sale","17":"shipping-taxable","18":"purchasable","19":"product-type-simple"},"aioseo_notices":[],"_links":{"self":[{"href":"http:\/\/www.kajakshop.hu\/en\/wp-json\/wp\/v2\/product\/3804","targetHints":{"allow":["GET"]}}],"collection":[{"href":"http:\/\/www.kajakshop.hu\/en\/wp-json\/wp\/v2\/product"}],"about":[{"href":"http:\/\/www.kajakshop.hu\/en\/wp-json\/wp\/v2\/types\/product"}],"wp:featuredmedia":[{"embeddable":true,"href":"http:\/\/www.kajakshop.hu\/en\/wp-json\/wp\/v2\/media\/3805"}],"wp:attachment":[{"href":"http:\/\/www.kajakshop.hu\/en\/wp-json\/wp\/v2\/media?parent=3804"}],"wp:term":[{"taxonomy":"product_brand","embeddable":true,"href":"http:\/\/www.kajakshop.hu\/en\/wp-json\/wp\/v2\/product_brand?post=3804"},{"taxonomy":"product_cat","embeddable":true,"href":"http:\/\/www.kajakshop.hu\/en\/wp-json\/wp\/v2\/product_cat?post=3804"},{"taxonomy":"product_tag","embeddable":true,"href":"http:\/\/www.kajakshop.hu\/en\/wp-json\/wp\/v2\/product_tag?post=3804"}],"curies":[{"name":"wp","href":"https:\/\/api.w.org\/{rel}","templated":true}]}}