{"id":5695,"date":"2025-04-15T19:37:49","date_gmt":"2025-04-15T17:37:49","guid":{"rendered":"https:\/\/www.kajakshop.hu\/?post_type=product&#038;p=5695"},"modified":"2025-04-15T21:50:10","modified_gmt":"2025-04-15T19:50:10","slug":"wilderness-zephyr-472-skeg-teszt-tengeri-kajak","status":"publish","type":"product","link":"http:\/\/www.kajakshop.hu\/en\/product\/wilderness-zephyr-472-skeg-teszt-tengeri-kajak\/","title":{"rendered":"Wilderness Zephyr 472 Skeg test sea kayak"},"content":{"rendered":"<p class=\"yiv1650292534p1\"><span class=\"yiv1650292534s1\">Wilderness Zephyr Kayak<\/span><\/p>\n<p class=\"yiv1650292534p3\"><span class=\"yiv1650292534s2\">\u201cI bought this kayak based on the weight, hull construction, length and my body size, I find the kayak easy to handle in both calm water and rough water (open water swept by wind). It is very easy to maneuver due to the rocker hull, it turns with a single blow, so it is easy to maneuver in narrow channels\u00a0<span class=\"yiv1650292534Apple-converted-space\">\u00a0<\/span>also turns easily. The kayak has very good directional control.. I used the skeg several times to counteract crosswinds to keep a straight line when crossing open water. The seat has many adjustment options which makes long paddling very comfortable. Overall I am very happy with the kayak and can only recommend it.\u201d<\/span><\/p>\n<p class=\"yiv1650292534p3\"><span class=\"yiv1650292534s2\">The Wilderness is one of the most exclusive kayaks in the USA. The body is made of excellent plastic by the Perception kayak factory, but like the Wavesport, it is equipped with its own developed seats that can be adapted anywhere.<\/span><\/p>\n<p class=\"yiv1650292534p3\"><span class=\"yiv1650292534s2\">The compartment covers and insulation are top quality. Premium boat with premium workmanship.<\/span><\/p>\n<p class=\"yiv1650292534p3\"><span class=\"yiv1650292534s2\">Technical data:<\/span><\/p>\n<p class=\"yiv1650292534p3\"><span class=\"yiv1650292534s2\">LENGTH: 15\u2032 6\u2033 \/ 472 CM<\/span><\/p>\n<p class=\"yiv1650292534p3\"><span class=\"yiv1650292534s2\">BOAT WEIGHT: 52 LBS. \/ 24 KG<\/span><\/p>\n<p class=\"yiv1650292534p3\"><span class=\"yiv1650292534s2\">Cockpit LENGTH: 35.5\u2033 \/ 90 CM<\/span><\/p>\n<p class=\"yiv1650292534p3\"><span class=\"yiv1650292534s2\">WIDTH: 22.5\u2033 \/ 57 CM<\/span><\/p>\n<p class=\"yiv1650292534p3\"><span class=\"yiv1650292534s2\">Deck HEIGHT: 13\u2033 \/ 33.02 CM<\/span><\/p>\n<p class=\"yiv1650292534p3\"><span class=\"yiv1650292534s2\">COCKPIT WIDTH: 19\u2033 \/ 48 CM<\/span><\/p>\n<p class=\"yiv1650292534p3\"><span class=\"yiv1650292534s2\">MAXIMUM CAPACITY: 275 LBS. \/ 125 KG\u00a0<\/span><\/p>\n<p class=\"yiv1650292534p3\"><span class=\"yiv1650292534s2\">ZEPHYR FEATURES<\/span><\/p>\n<p class=\"yiv1650292534p3\"><span class=\"yiv1650292534s2\">Wilderness Systems Zephyr 155<\/span><\/p>\n<p class=\"yiv1650292534p3\"><span class=\"yiv1650292534s2\">Phase 3 AirPro XP<\/span><\/p>\n<p class=\"yiv1650292534p3\"><span class=\"yiv1650292534s2\">Adjustable, padded thigh braces<\/span><\/p>\n<p class=\"yiv1650292534p3\"><span class=\"yiv1650292534s2\">SlideLock leg reinforcement system<\/span><\/p>\n<p class=\"yiv1650292534p3\"><span class=\"yiv1650292534s2\">Domed nose, center and rear openings<\/span><\/p>\n<p class=\"yiv1650292534p3\"><span class=\"yiv1650292534s2\">Bow, middle and rear bulkheads<\/span><\/p>\n<p class=\"yiv1650292534p3\"><span class=\"yiv1650292534s2\">Bungee deck rigging with reflective static perimeter safety line<\/span><\/p>\n<p class=\"yiv1650292534p3\"><span class=\"yiv1650292534s2\">Soft-touch handles<\/span><\/p>\n<p class=\"yiv1650292534p3\"><span class=\"yiv1650292534s2\">TruTrak Skeg System<\/span><\/p>\n<p class=\"yiv1650292534p3\"><span class=\"yiv1650292534s2\">Compass recess<\/span><\/p>","protected":false},"excerpt":{"rendered":"<p>Wilderness Zephyr\u00a0 kajak \u201cEzt a kajakot a s\u00faly, a haj\u00f3test fel\u00e9p\u00edt\u00e9se, a hossz \u00e9s a testm\u00e9retem alapj\u00e1n v\u00e1s\u00e1roltam, a kajakot k\u00f6nny\u0171nek tal\u00e1lom csendes v\u00edzen \u00e9s durva v\u00edzen (sz\u00e9l \u00e1ltal sodort ny\u00edlt v\u00edzen) egyar\u00e1nt. Nagyon k\u00f6nnyen man\u0151verezhet\u0151 a rocker haj\u00f3testnek k\u00f6sz\u00f6nhet\u0151en, egy ives csap\u00e1st\u00f3l m\u00e1r forog, \u00edgy sz\u0171k medrekben\u00a0\u00a0is k\u00f6nnyen megfordul. A kajak nagyon j\u00f3 ir\u00e1nytart\u00e1s\u00fa&#8230;<\/p>","protected":false},"featured_media":5697,"template":"","meta":{"om_disable_all_campaigns":false,"_monsterinsights_skip_tracking":false,"_monsterinsights_sitenote_active":false,"_monsterinsights_sitenote_note":"","_monsterinsights_sitenote_category":0},"product_brand":[],"product_cat":[265,361,397,355,356],"product_tag":[421,429,428],"class_list":{"0":"post-5695","1":"product","2":"type-product","3":"status-publish","4":"has-post-thumbnail","6":"product_cat-elado-kajak","7":"product_cat-hasznalt-kajak-kenu","8":"product_cat-rental-kolcsonzos-kajaktipus","9":"product_cat-tengeri-kajak","10":"product_cat-tura-kajak","11":"product_tag-kajak","12":"product_tag-perception","13":"product_tag-tengeri-kajak","15":"first","16":"instock","17":"sale","18":"shipping-taxable","19":"purchasable","20":"product-type-simple"},"aioseo_notices":[],"_links":{"self":[{"href":"http:\/\/www.kajakshop.hu\/en\/wp-json\/wp\/v2\/product\/5695","targetHints":{"allow":["GET"]}}],"collection":[{"href":"http:\/\/www.kajakshop.hu\/en\/wp-json\/wp\/v2\/product"}],"about":[{"href":"http:\/\/www.kajakshop.hu\/en\/wp-json\/wp\/v2\/types\/product"}],"wp:featuredmedia":[{"embeddable":true,"href":"http:\/\/www.kajakshop.hu\/en\/wp-json\/wp\/v2\/media\/5697"}],"wp:attachment":[{"href":"http:\/\/www.kajakshop.hu\/en\/wp-json\/wp\/v2\/media?parent=5695"}],"wp:term":[{"taxonomy":"product_brand","embeddable":true,"href":"http:\/\/www.kajakshop.hu\/en\/wp-json\/wp\/v2\/product_brand?post=5695"},{"taxonomy":"product_cat","embeddable":true,"href":"http:\/\/www.kajakshop.hu\/en\/wp-json\/wp\/v2\/product_cat?post=5695"},{"taxonomy":"product_tag","embeddable":true,"href":"http:\/\/www.kajakshop.hu\/en\/wp-json\/wp\/v2\/product_tag?post=5695"}],"curies":[{"name":"wp","href":"https:\/\/api.w.org\/{rel}","templated":true}]}}