{"id":3025,"date":"2017-10-11T09:40:06","date_gmt":"2017-10-11T09:40:06","guid":{"rendered":"http:\/\/kampanyweb.hu\/kajakshop\/?post_type=product&#038;p=3025"},"modified":"2017-10-11T09:58:43","modified_gmt":"2017-10-11T09:58:43","slug":"rtm-inflatable-sup-10-6","status":"publish","type":"product","link":"https:\/\/www.kajakshop.hu\/en\/product\/rtm-inflatable-sup-10-6\/","title":{"rendered":"RTM Inflatable Sup 10.6"},"content":{"rendered":"<div class=\"container row-wrap-container\"><div class=\"vc_row wpb_row vc_row-fluid bg-center_center\"><div class=\"wpb_column vc_column_container vc_col-sm-12\"><div class=\"vc_column-inner\"><div class=\"wpb_wrapper\">\n\t<div class=\"wpb_text_column wpb_content_element\" >\n\t\t<div class=\"wpb_wrapper\">\n\t\t\t<p>RTM&#039;s 10.6 SUP comes with an elegant design, hand grips, non-slip EVA covering on the entire surface, steel D-Rings for seat connection, and a rubberized luggage rack. In addition, fins glued on both sides and a middle removable fin help the SUP to steer well.<br \/>\nThis is RTM&#039;s standard sky inflatable surfboard with a capacity of 210 liters.<br \/>\nEven a larger person can use it, its buoyancy is 100 kg. I would like to note here that you shouldn&#039;t buy paddlefish under 3 meters. They dive too deep, they don&#039;t properly hold the weight they promise, and they have bad direction.<br \/>\nNot to mention the two-layer noname pieces.<\/p>\n\n\t\t<\/div>\n\t<\/div>\n<\/div><\/div><\/div><\/div><\/div><div class=\"container row-wrap-container\"><div class=\"vc_row wpb_row vc_row-fluid bg-center_center\"><div class=\"wpb_column vc_column_container vc_col-sm-12\"><div class=\"vc_column-inner\"><div class=\"wpb_wrapper\">\n\t<div class=\"wpb_text_column wpb_content_element\" >\n\t\t<div class=\"wpb_wrapper\">\n\t\t\t<p>What distinguishes a quality inflatable SUP from a cheap (100-140,000 HUF?)<br \/>\nThe original 1000D density PVC Dropstich material, the quality valve and the 3-layer construction. The production cost of a 2-layer SUP is half that of a 3-layer.<br \/>\nAccessories: installation kit, fin, pump<\/p>\n\n\t\t<\/div>\n\t<\/div>\n<\/div><\/div><\/div><\/div><\/div>","protected":false},"excerpt":{"rendered":"Az RTM 10.6 SUP-ja eleg\u00e1ns designnal,k\u00e9zi fog\u00f3val, teljes fel\u00fclet\u0171 cs\u00fasz\u00e1smentes EVA bor\u00edt\u00e1ssal, \u00fcl\u00e9s csatlakoz\u00e1st biztos\u00edt\u00f3 ac\u00e9l D Ringekkel, gumizott csomagtart\u00f3val ker\u00fcl forgalomba. Ezenk\u00edv\u00fcl k\u00e9toldalt beragasztott uszony illetve egy k\u00f6z\u00e9ps\u0151 kivehet\u0151 uszony seg\u00edti a SUP j\u00f3 ir\u00e1nytart\u00e1s\u00e1t. Ez az RTM c\u00e9g standard \u00e9g f\u0151s felf\u00fajhat\u00f3 sz\u00f6rfje, \u0171rtartalma 210 liter. Egy nagyobb ember is tudja haszn\u00e1lni ,...","protected":false},"featured_media":3026,"template":"","meta":{"om_disable_all_campaigns":false,"_monsterinsights_skip_tracking":false,"_monsterinsights_sitenote_active":false,"_monsterinsights_sitenote_note":"","_monsterinsights_sitenote_category":0},"product_brand":[],"product_cat":[360],"product_tag":[],"class_list":{"0":"post-3025","1":"product","2":"type-product","3":"status-publish","4":"has-post-thumbnail","6":"product_cat-elado-merev-sup","7":"pa_hossz-320-cm","8":"pa_suly-14-kg","9":"pa_szelesseg-81cm","11":"first","12":"instock","13":"shipping-taxable","14":"purchasable","15":"product-type-simple"},"aioseo_notices":[],"_links":{"self":[{"href":"https:\/\/www.kajakshop.hu\/en\/wp-json\/wp\/v2\/product\/3025","targetHints":{"allow":["GET"]}}],"collection":[{"href":"https:\/\/www.kajakshop.hu\/en\/wp-json\/wp\/v2\/product"}],"about":[{"href":"https:\/\/www.kajakshop.hu\/en\/wp-json\/wp\/v2\/types\/product"}],"wp:featuredmedia":[{"embeddable":true,"href":"https:\/\/www.kajakshop.hu\/en\/wp-json\/wp\/v2\/media\/3026"}],"wp:attachment":[{"href":"https:\/\/www.kajakshop.hu\/en\/wp-json\/wp\/v2\/media?parent=3025"}],"wp:term":[{"taxonomy":"product_brand","embeddable":true,"href":"https:\/\/www.kajakshop.hu\/en\/wp-json\/wp\/v2\/product_brand?post=3025"},{"taxonomy":"product_cat","embeddable":true,"href":"https:\/\/www.kajakshop.hu\/en\/wp-json\/wp\/v2\/product_cat?post=3025"},{"taxonomy":"product_tag","embeddable":true,"href":"https:\/\/www.kajakshop.hu\/en\/wp-json\/wp\/v2\/product_tag?post=3025"}],"curies":[{"name":"wp","href":"https:\/\/api.w.org\/{rel}","templated":true}]}}