{"id":3071,"date":"2017-10-13T07:46:03","date_gmt":"2017-10-13T05:46:03","guid":{"rendered":"http:\/\/kampanyweb.hu\/kajakshop\/?post_type=product&#038;p=3071"},"modified":"2025-11-06T20:20:09","modified_gmt":"2025-11-06T18:20:09","slug":"perception-spraydeck","status":"publish","type":"product","link":"https:\/\/www.kajakshop.hu\/en\/product\/perception-spraydeck\/","title":{"rendered":"HD Prodigy Tandem nylon spray deck \/ available to order"},"content":{"rendered":"<p><strong>HD Perception Prodigy Tandem nylon spray deck \/ wave apron<\/strong><\/p>\n\n\n\n<p>Spritzdeck compatible with the popular two-person Perception Prodigy II and open two-person kayaks of similar size. The material is high density robust nylon with 600 D tensile strength.<\/p>\n\n\n\n<p>Seam welded.<\/p>\n\n\n\n<p>From the person in the back towards the front, the middle part can be opened with a zipper.<\/p>","protected":false},"excerpt":{"rendered":"<p>HD Perception Prodigy Tandem nylon spriccdeck \/ hull\u00e1mk\u00f6t\u00e9ny A n\u00e9pszer\u0171 k\u00e9tszem\u00e9lyes Perception Prodigy II-re \u00e9s hasonl\u00f3 m\u00e9ret\u0171 nyitott k\u00e9tszem\u00e9lyes kajakokra kompatibilis spritzdeck. Anyaga high density robosztus nylon 600 D szak\u00edt\u00f3szil\u00e1rds\u00e1ggal. Varrata hegesztett. A h\u00e1ts\u00f3 embert\u0151l el\u0151re fel\u00e9, cipz\u00e1rral kinyithat\u00f3 a k\u00f6z\u00e9pr\u00e9sz.<\/p>","protected":false},"featured_media":4478,"template":"","meta":{"om_disable_all_campaigns":false,"_monsterinsights_skip_tracking":false,"_monsterinsights_sitenote_active":false,"_monsterinsights_sitenote_note":"","_monsterinsights_sitenote_category":0},"product_brand":[],"product_cat":[445,364,398],"product_tag":[],"class_list":{"0":"post-3071","1":"product","2":"type-product","3":"status-publish","4":"has-post-thumbnail","6":"product_cat-spritzdeck","7":"product_cat-kajakkiegeszitok","8":"product_cat-spriccdeck-hullamkoteny","10":"first","11":"instock","12":"shipping-taxable","13":"purchasable","14":"product-type-simple"},"aioseo_notices":[],"_links":{"self":[{"href":"https:\/\/www.kajakshop.hu\/en\/wp-json\/wp\/v2\/product\/3071","targetHints":{"allow":["GET"]}}],"collection":[{"href":"https:\/\/www.kajakshop.hu\/en\/wp-json\/wp\/v2\/product"}],"about":[{"href":"https:\/\/www.kajakshop.hu\/en\/wp-json\/wp\/v2\/types\/product"}],"wp:featuredmedia":[{"embeddable":true,"href":"https:\/\/www.kajakshop.hu\/en\/wp-json\/wp\/v2\/media\/4478"}],"wp:attachment":[{"href":"https:\/\/www.kajakshop.hu\/en\/wp-json\/wp\/v2\/media?parent=3071"}],"wp:term":[{"taxonomy":"product_brand","embeddable":true,"href":"https:\/\/www.kajakshop.hu\/en\/wp-json\/wp\/v2\/product_brand?post=3071"},{"taxonomy":"product_cat","embeddable":true,"href":"https:\/\/www.kajakshop.hu\/en\/wp-json\/wp\/v2\/product_cat?post=3071"},{"taxonomy":"product_tag","embeddable":true,"href":"https:\/\/www.kajakshop.hu\/en\/wp-json\/wp\/v2\/product_tag?post=3071"}],"curies":[{"name":"wp","href":"https:\/\/api.w.org\/{rel}","templated":true}]}}