{"id":3081,"date":"2017-10-14T14:08:49","date_gmt":"2017-10-14T12:08:49","guid":{"rendered":"http:\/\/kampanyweb.hu\/kajakshop\/?post_type=product&#038;p=3081"},"modified":"2023-05-19T09:01:24","modified_gmt":"2023-05-19T07:01:24","slug":"aqua-design-kajakdzseki","status":"publish","type":"product","link":"https:\/\/www.kajakshop.hu\/en\/product\/aqua-design-kajakdzseki\/","title":{"rendered":"Aquadesign racing kayak dry jacket red"},"content":{"rendered":"<h1 class=\"wp-block-heading\">Aquadesign Racing Kayak Jacket<\/h1>\n\n\n\n<p>The Racing windbreaker is ideal for regular whitewater kayaking or water hiking and canoeing. Its robust structure reinforced with Ripstop material keeps the kayaker dry and warm in all conditions. Its very good thermal insulation and Velcro adjustment enable dry training all year round. This is a lightweight, race-specific technical garment that offers great freedom of movement. Super strong, eternal life, also recommended for kayak clubs. Water resistance 10000mm, breathability 3000gr\/m2<\/p>","protected":false},"excerpt":{"rendered":"<p>Aquadesign Racing kajakdzseki A Racing sz\u00e9ldzseki ide\u00e1lis rendszeres vadv\u00edzi kajakoz\u00e1shoz vagy vizi t\u00far\u00e1z\u00e1shoz \u00e9s kenuz\u00e1shoz. Robusztus fel\u00e9p\u00edt\u00e9se a Ripstop anyaggal meger\u0151s\u00edtve minden k\u00f6r\u00fclm\u00e9nyek k\u00f6z\u00f6tt sz\u00e1razon \u00e9s melegen tartja a kajakost. Nagyon j\u00f3 h\u0151szigetel\u00e9se \u00e9s t\u00e9p\u0151z\u00e1ras be\u00e1ll\u00edt\u00e1sa ak\u00e1r eg\u00e9sz \u00e9vben sz\u00e1raz edz\u00e9st tesz lehet\u0151v\u00e9. Ez egy k\u00f6nny\u0171, a versenyre szabott technikai ruhadarab, amely nagy mozg\u00e1sszabads\u00e1got k\u00edn\u00e1l&#8230;.<\/p>","protected":false},"featured_media":4507,"template":"","meta":{"om_disable_all_campaigns":false,"_monsterinsights_skip_tracking":false,"_monsterinsights_sitenote_active":false,"_monsterinsights_sitenote_note":"","_monsterinsights_sitenote_category":0},"product_brand":[],"product_cat":[396],"product_tag":[],"class_list":{"0":"post-3081","1":"product","2":"type-product","3":"status-publish","4":"has-post-thumbnail","6":"product_cat-kajakruhazat","8":"first","9":"instock","10":"shipping-taxable","11":"purchasable","12":"product-type-simple"},"aioseo_notices":[],"_links":{"self":[{"href":"https:\/\/www.kajakshop.hu\/en\/wp-json\/wp\/v2\/product\/3081","targetHints":{"allow":["GET"]}}],"collection":[{"href":"https:\/\/www.kajakshop.hu\/en\/wp-json\/wp\/v2\/product"}],"about":[{"href":"https:\/\/www.kajakshop.hu\/en\/wp-json\/wp\/v2\/types\/product"}],"wp:featuredmedia":[{"embeddable":true,"href":"https:\/\/www.kajakshop.hu\/en\/wp-json\/wp\/v2\/media\/4507"}],"wp:attachment":[{"href":"https:\/\/www.kajakshop.hu\/en\/wp-json\/wp\/v2\/media?parent=3081"}],"wp:term":[{"taxonomy":"product_brand","embeddable":true,"href":"https:\/\/www.kajakshop.hu\/en\/wp-json\/wp\/v2\/product_brand?post=3081"},{"taxonomy":"product_cat","embeddable":true,"href":"https:\/\/www.kajakshop.hu\/en\/wp-json\/wp\/v2\/product_cat?post=3081"},{"taxonomy":"product_tag","embeddable":true,"href":"https:\/\/www.kajakshop.hu\/en\/wp-json\/wp\/v2\/product_tag?post=3081"}],"curies":[{"name":"wp","href":"https:\/\/api.w.org\/{rel}","templated":true}]}}