{"id":3117,"date":"2017-10-15T20:36:00","date_gmt":"2017-10-15T20:36:00","guid":{"rendered":"http:\/\/kampanyweb.hu\/kajakshop\/?post_type=product&#038;p=3117"},"modified":"2023-05-10T09:58:44","modified_gmt":"2023-05-10T07:58:44","slug":"vizhatlan-kajakhordok","status":"publish","type":"product","link":"https:\/\/www.kajakshop.hu\/en\/product\/vizhatlan-kajakhordok\/","title":{"rendered":"RTM waterproof barrel"},"content":{"rendered":"<div class=\"container row-wrap-container\"><div class=\"vc_row wpb_row vc_row-fluid bg-center_center\"><div class=\"wpb_column vc_column_container vc_col-sm-12\"><div class=\"vc_column-inner\"><div class=\"wpb_wrapper\">\n\t<div class=\"wpb_text_column wpb_content_element\" >\n\t\t<div class=\"wpb_wrapper\">\n\t\t\t<h3>RTM Waterproof Kayak Barrels<\/h3>\n<p>6 liter \u2013 HUF 8,300<\/p>\n<p>16 liter \u2013 HUF 13,500<\/p>\n<p>24 liter - HUF 16,000<\/p>\n<p>High-quality, unbreakable, waterproof kayak \/ canoe barrels, made of premium quality UV-resistant plastic from the RTM company. With screw lid, silicone seal. Primarily recommended for canoes and sitontops.<\/p>\n\n\t\t<\/div>\n\t<\/div>\n<\/div><\/div><\/div><\/div><\/div>","protected":false},"excerpt":{"rendered":"RTM V\u00edzhatlan kajakhord\u00f3k 6 literes\u00a0 - 8300 Ft 16 literes - 13500 Ft 24 literes - 16000 Ft Kiv\u00e1l\u00f3 min\u0151s\u00e9g\u0171, t\u00f6rhetetlen, v\u00edzhatlan kajak \/ kenu hord\u00f3k, az RTM c\u00e9g pr\u00e9mium min\u0151s\u00e9g\u0171 UV \u00e1ll\u00f3 m\u0171anyag\u00e1b\u00f3l. Csavar\u00f3s fed\u00e9llel, szilikon t\u00f6m\u00edt\u00e9ssel. Els\u0151sorban kenukhoz \u00e9s sitontop-okhoz javasoljuk.","protected":false},"featured_media":3446,"template":"","meta":{"om_disable_all_campaigns":false,"_monsterinsights_skip_tracking":false,"_monsterinsights_sitenote_active":false,"_monsterinsights_sitenote_note":"","_monsterinsights_sitenote_category":0},"product_brand":[],"product_cat":[364],"product_tag":[],"class_list":{"0":"post-3117","1":"product","2":"type-product","3":"status-publish","4":"has-post-thumbnail","6":"product_cat-kajakkiegeszitok","8":"first","9":"instock","10":"shipping-taxable","11":"purchasable","12":"product-type-simple"},"aioseo_notices":[],"_links":{"self":[{"href":"https:\/\/www.kajakshop.hu\/en\/wp-json\/wp\/v2\/product\/3117","targetHints":{"allow":["GET"]}}],"collection":[{"href":"https:\/\/www.kajakshop.hu\/en\/wp-json\/wp\/v2\/product"}],"about":[{"href":"https:\/\/www.kajakshop.hu\/en\/wp-json\/wp\/v2\/types\/product"}],"wp:featuredmedia":[{"embeddable":true,"href":"https:\/\/www.kajakshop.hu\/en\/wp-json\/wp\/v2\/media\/3446"}],"wp:attachment":[{"href":"https:\/\/www.kajakshop.hu\/en\/wp-json\/wp\/v2\/media?parent=3117"}],"wp:term":[{"taxonomy":"product_brand","embeddable":true,"href":"https:\/\/www.kajakshop.hu\/en\/wp-json\/wp\/v2\/product_brand?post=3117"},{"taxonomy":"product_cat","embeddable":true,"href":"https:\/\/www.kajakshop.hu\/en\/wp-json\/wp\/v2\/product_cat?post=3117"},{"taxonomy":"product_tag","embeddable":true,"href":"https:\/\/www.kajakshop.hu\/en\/wp-json\/wp\/v2\/product_tag?post=3117"}],"curies":[{"name":"wp","href":"https:\/\/api.w.org\/{rel}","templated":true}]}}