{"id":3139,"date":"2017-10-17T18:44:44","date_gmt":"2017-10-17T16:44:44","guid":{"rendered":"http:\/\/kampanyweb.hu\/kajakshop\/?post_type=product&#038;p=3139"},"modified":"2022-11-02T09:44:57","modified_gmt":"2022-11-02T07:44:57","slug":"rtm-vizhatlan-zsak","status":"publish","type":"product","link":"https:\/\/www.kajakshop.hu\/en\/product\/rtm-vizhatlan-zsak\/","title":{"rendered":"RTM waterproof bag"},"content":{"rendered":"<div class=\"container row-wrap-container\"><div class=\"vc_row wpb_row vc_row-fluid bg-center_center\"><div class=\"wpb_column vc_column_container vc_col-sm-12\"><div class=\"vc_column-inner\"><div class=\"wpb_wrapper\">\n\t<div class=\"wpb_text_column wpb_content_element\" >\n\t\t<div class=\"wpb_wrapper\">\n\t\t\t<p>Premium quality, thick-walled waterproof bag made of tarpaulin. It is the world&#039;s best material for waterproof bags, with the strongest welded seams. Also a backpack.<\/p>\n<p>Different sizes, different colors.<\/p>\n<p>5 liter 7500 HUF<\/p>\n<p>20 liter 10,000 HUF<\/p>\n<p>40 liter 12,000 HUF<\/p>\n\n\t\t<\/div>\n\t<\/div>\n<\/div><\/div><\/div><\/div><\/div>","protected":false},"excerpt":{"rendered":"Pr\u00e9mium min\u0151s\u00e9g\u0171, vastag fal\u00fa v\u00edzhatlan zs\u00e1k tarpulinb\u00f3l. Ez a vil\u00e1g legjobb anyaga v\u00edzhatlan zs\u00e1kokn\u00e1l, leger\u0151sebben hegesztett varratokkal. Egy\u00fattal h\u00e1tizs\u00e1k is. K\u00fcl\u00f6nb\u00f6z\u0151 m\u00e9retek, k\u00fcl\u00f6nb\u00f6z\u0151 sz\u00edn\u0171ek. 5 literes 7500 Ft 20 literes 10000 Ft 40 literes 12000 Ft","protected":false},"featured_media":4464,"template":"","meta":{"om_disable_all_campaigns":false,"_monsterinsights_skip_tracking":false,"_monsterinsights_sitenote_active":false,"_monsterinsights_sitenote_note":"","_monsterinsights_sitenote_category":0},"product_brand":[],"product_cat":[364],"product_tag":[],"class_list":{"0":"post-3139","1":"product","2":"type-product","3":"status-publish","4":"has-post-thumbnail","6":"product_cat-kajakkiegeszitok","8":"first","9":"instock","10":"shipping-taxable","11":"purchasable","12":"product-type-simple"},"aioseo_notices":[],"_links":{"self":[{"href":"https:\/\/www.kajakshop.hu\/en\/wp-json\/wp\/v2\/product\/3139","targetHints":{"allow":["GET"]}}],"collection":[{"href":"https:\/\/www.kajakshop.hu\/en\/wp-json\/wp\/v2\/product"}],"about":[{"href":"https:\/\/www.kajakshop.hu\/en\/wp-json\/wp\/v2\/types\/product"}],"wp:featuredmedia":[{"embeddable":true,"href":"https:\/\/www.kajakshop.hu\/en\/wp-json\/wp\/v2\/media\/4464"}],"wp:attachment":[{"href":"https:\/\/www.kajakshop.hu\/en\/wp-json\/wp\/v2\/media?parent=3139"}],"wp:term":[{"taxonomy":"product_brand","embeddable":true,"href":"https:\/\/www.kajakshop.hu\/en\/wp-json\/wp\/v2\/product_brand?post=3139"},{"taxonomy":"product_cat","embeddable":true,"href":"https:\/\/www.kajakshop.hu\/en\/wp-json\/wp\/v2\/product_cat?post=3139"},{"taxonomy":"product_tag","embeddable":true,"href":"https:\/\/www.kajakshop.hu\/en\/wp-json\/wp\/v2\/product_tag?post=3139"}],"curies":[{"name":"wp","href":"https:\/\/api.w.org\/{rel}","templated":true}]}}