{"id":3143,"date":"2017-10-17T18:55:46","date_gmt":"2017-10-17T16:55:46","guid":{"rendered":"http:\/\/kampanyweb.hu\/kajakshop\/?post_type=product&#038;p=3143"},"modified":"2023-07-05T10:41:33","modified_gmt":"2023-07-05T08:41:33","slug":"riber-premium-kajak-kenu-szallito-kocsi-classic","status":"publish","type":"product","link":"https:\/\/www.kajakshop.hu\/en\/product\/riber-premium-kajak-kenu-szallito-kocsi-classic\/","title":{"rendered":"Riber Premium kayak-canoe transport cart \u2013 classic"},"content":{"rendered":"<h3>Riber Premium kayak\/canoe transport cart - classic<\/h3>\n<p>Premium quality English inflatable wheel, universal kayak \/ canoe transport trolley. Thanks to its inflated large wheel, the towed boat bounces much less on the ground and is easier to roll.<\/p>\n<p>It can be taken to pieces in half a minute and can be taken with us inside the ship. Primarily a classic (sit in) sit-in or recommended for transporting two-person traditional kayaks and\/or canoes. The set also includes a tying belt.<\/p>\n<p>Max. capacity: 50 kg<\/p>\n<div class=\"container row-wrap-container\"><div class=\"vc_row wpb_row vc_row-fluid bg-center_center\"><div class=\"wpb_column vc_column_container vc_col-sm-12\"><div class=\"vc_column-inner\"><div class=\"wpb_wrapper\"><\/div><\/div><\/div><\/div><\/div>","protected":false},"excerpt":{"rendered":"<p>Riber Pr\u00e9mium kajak\/kenu sz\u00e1ll\u00edt\u00f3 kocsi &#8211; classic Pr\u00e9mium min\u0151s\u00e9g\u0171 angol felf\u00fajhat\u00f3 kerek\u0171, univerz\u00e1lis kajak \/ kenu sz\u00e1ll\u00edt\u00f3kocsi. Felf\u00fajt nagy kerek\u00e9nek k\u00f6sz\u00f6nhet\u0151en, sokkal kev\u00e9s\u00e9b\u00e9 pattog a talajon a vontatott haj\u00f3 \u00e9s k\u00f6nnyebb gur\u00edtani. F\u00e9l perc alatt darabokra szedhet\u0151 \u00e9s a haj\u00f3 belsej\u00e9ben magunkkal vihetj\u00fck. Els\u0151sorban klasszikus (sit in) be\u00fcl\u0151s egy ill. k\u00e9tszem\u00e9yes tradicion\u00e1lis kajakok \u00e9s \/&#8230;<\/p>","protected":false},"featured_media":3144,"template":"","meta":{"om_disable_all_campaigns":false,"_monsterinsights_skip_tracking":false,"_monsterinsights_sitenote_active":false,"_monsterinsights_sitenote_note":"","_monsterinsights_sitenote_category":0},"product_brand":[],"product_cat":[364],"product_tag":[],"class_list":{"0":"post-3143","1":"product","2":"type-product","3":"status-publish","4":"has-post-thumbnail","6":"product_cat-kajakkiegeszitok","8":"first","9":"instock","10":"shipping-taxable","11":"purchasable","12":"product-type-simple"},"aioseo_notices":[],"_links":{"self":[{"href":"https:\/\/www.kajakshop.hu\/en\/wp-json\/wp\/v2\/product\/3143","targetHints":{"allow":["GET"]}}],"collection":[{"href":"https:\/\/www.kajakshop.hu\/en\/wp-json\/wp\/v2\/product"}],"about":[{"href":"https:\/\/www.kajakshop.hu\/en\/wp-json\/wp\/v2\/types\/product"}],"wp:featuredmedia":[{"embeddable":true,"href":"https:\/\/www.kajakshop.hu\/en\/wp-json\/wp\/v2\/media\/3144"}],"wp:attachment":[{"href":"https:\/\/www.kajakshop.hu\/en\/wp-json\/wp\/v2\/media?parent=3143"}],"wp:term":[{"taxonomy":"product_brand","embeddable":true,"href":"https:\/\/www.kajakshop.hu\/en\/wp-json\/wp\/v2\/product_brand?post=3143"},{"taxonomy":"product_cat","embeddable":true,"href":"https:\/\/www.kajakshop.hu\/en\/wp-json\/wp\/v2\/product_cat?post=3143"},{"taxonomy":"product_tag","embeddable":true,"href":"https:\/\/www.kajakshop.hu\/en\/wp-json\/wp\/v2\/product_tag?post=3143"}],"curies":[{"name":"wp","href":"https:\/\/api.w.org\/{rel}","templated":true}]}}