{"id":3180,"date":"2017-10-17T20:53:26","date_gmt":"2017-10-17T18:53:26","guid":{"rendered":"http:\/\/kampanyweb.hu\/kajakshop\/?post_type=product&#038;p=3180"},"modified":"2025-06-13T10:07:34","modified_gmt":"2025-06-13T08:07:34","slug":"rtm-riviera-xl-std","status":"publish","type":"product","link":"https:\/\/www.kajakshop.hu\/en\/product\/rtm-riviera-xl-std\/","title":{"rendered":"RTM Riviera XL STD canoe"},"content":{"rendered":"<div class=\"container row-wrap-container\"><div class=\"vc_row wpb_row vc_row-fluid bg-center_center\"><div class=\"wpb_column vc_column_container vc_col-sm-12\"><div class=\"vc_column-inner\"><div class=\"wpb_wrapper\">\n\t<div class=\"wpb_text_column wpb_content_element\" >\n\t\t<div class=\"wpb_wrapper\">\n\t\t\t<p>The RTM Riviera XL canoe is intended as the big brother of the RTM Riviera, also an extremely maneuverable Indian canoe. The similarity is absolute, unlike other foreign canoes on the market, RTM XL is also a polyethylene canoe made with a real unbreakable rotation process (unlike other imported canoes and canadiers such as RIBER, OldTown, or RTM Colorado, which are made with vacuum suction and are not completely unbreakable). The Riviera XL is 5 meters long and has one more seat than the 4.6 meter Riviera canoe. The comfortable seats are also airbags, so the front and end of the boat can be easily packed. The torsional stiffening here is also provided by the specially trained seats, which stiffen the canoe like a skeleton. The RTM Riviera canoe is made from the materials of whitewater kayaks and can withstand the same rough conditions on different waters. This boat can be used from Slovakian or Austrian wild waters to Lake Balaton, from Bodrog to the Danube, Tisza, and even at the water festival in \u010cesk\u00fd Krumlov, this canoe proved to be the most effective. For these reasons, we only recommend this canoe for all European Tourism tenders. The RTM Riviera XL will be a popular boat for renters, R\u00e1ba or Hern\u00e1d or Garam hikers, and those who want an eternally indestructible canoe, which brings RTM&#039;s massive quality.<\/p>\n<p>Under the name Riviera XL Comfort, the front seat and rear seat can also be ordered with a backrest.<\/p>\n<p>This canoe is probably the best rental type ever made.<\/p>\n<p>Length (cm) 500 cm<br \/>\nHeight (cm) 37 cm<br \/>\nWidth (cm) 100 cm<br \/>\nWeight (kg) 48 kg<br \/>\nLoad capacity (kg) 350 kg<br \/>\nNumber of people 4 people<br \/>\nMaterial Unbreakable Dupont PE<\/p>\n\n\t\t<\/div>\n\t<\/div>\n<\/div><\/div><\/div><\/div><\/div>","protected":false},"excerpt":{"rendered":"A RTM Riviera XL kenut az RTM Rivi\u00e9ra nagy testv\u00e9r\u00e9nek sz\u00e1njuk, szint\u00e9n rendk\u00edv\u00fcli man\u0151verezhet\u0151s\u00e9g\u0171 indi\u00e1n kenu. Abszol\u00fat is a hasonl\u00f3s\u00e1g a piac egy\u00e9b k\u00fclf\u00f6ldi kenuit\u00f3l elt\u00e9r\u0151en RTM XL is igazi t\u00f6rhetetlen rot\u00e1ci\u00f3s elj\u00e1r\u00e1ssal k\u00e9sz\u00fclt polietil\u00e9n kenu (ellent\u00e9tben a t\u00f6bbi import kenuval, canadierrel mint pl. a RIBER, OldTown, vagy RTM Colorado, amik v\u00e1kumsz\u00edv\u00e1ssal k\u00e9sz\u00fclnek \u00e9s nem...","protected":false},"featured_media":3707,"template":"","meta":{"om_disable_all_campaigns":false,"_monsterinsights_skip_tracking":false,"_monsterinsights_sitenote_active":false,"_monsterinsights_sitenote_note":"","_monsterinsights_sitenote_category":0},"product_brand":[],"product_cat":[264],"product_tag":[472],"class_list":{"0":"post-3180","1":"product","2":"type-product","3":"status-publish","4":"has-post-thumbnail","6":"product_cat-elado-tura-kenu","7":"product_tag-rtm-riviera-torhetetlen-polietilen-turakenu","9":"first","10":"instock","11":"shipping-taxable","12":"purchasable","13":"product-type-simple"},"aioseo_notices":[],"_links":{"self":[{"href":"https:\/\/www.kajakshop.hu\/en\/wp-json\/wp\/v2\/product\/3180","targetHints":{"allow":["GET"]}}],"collection":[{"href":"https:\/\/www.kajakshop.hu\/en\/wp-json\/wp\/v2\/product"}],"about":[{"href":"https:\/\/www.kajakshop.hu\/en\/wp-json\/wp\/v2\/types\/product"}],"wp:featuredmedia":[{"embeddable":true,"href":"https:\/\/www.kajakshop.hu\/en\/wp-json\/wp\/v2\/media\/3707"}],"wp:attachment":[{"href":"https:\/\/www.kajakshop.hu\/en\/wp-json\/wp\/v2\/media?parent=3180"}],"wp:term":[{"taxonomy":"product_brand","embeddable":true,"href":"https:\/\/www.kajakshop.hu\/en\/wp-json\/wp\/v2\/product_brand?post=3180"},{"taxonomy":"product_cat","embeddable":true,"href":"https:\/\/www.kajakshop.hu\/en\/wp-json\/wp\/v2\/product_cat?post=3180"},{"taxonomy":"product_tag","embeddable":true,"href":"https:\/\/www.kajakshop.hu\/en\/wp-json\/wp\/v2\/product_tag?post=3180"}],"curies":[{"name":"wp","href":"https:\/\/api.w.org\/{rel}","templated":true}]}}