{"id":3194,"date":"2017-10-18T15:10:50","date_gmt":"2017-10-18T13:10:50","guid":{"rendered":"http:\/\/kampanyweb.hu\/kajakshop\/?post_type=product&#038;p=3194"},"modified":"2025-06-13T10:07:12","modified_gmt":"2025-06-13T08:07:12","slug":"rtm-riviera","status":"publish","type":"product","link":"https:\/\/www.kajakshop.hu\/en\/product\/rtm-riviera\/","title":{"rendered":"RTM Riviera STD canoe"},"content":{"rendered":"<div class=\"container row-wrap-container\"><div class=\"vc_row wpb_row vc_row-fluid bg-center_center\"><div class=\"wpb_column vc_column_container vc_col-sm-12\"><div class=\"vc_column-inner\"><div class=\"wpb_wrapper\">\n\t<div class=\"wpb_text_column wpb_content_element\" >\n\t\t<div class=\"wpb_wrapper\">\n\t\t\t<p>An unbreakable, extremely maneuverable Native American canoe cast from a single piece. The comfortable seats are also airbags, so the front and end of the boat can be easily packed. Survive you! It can be packed up to 260 kg. This is the only canoe in Hungary that you can take on wild water.<\/p>\n<p>It has no competitors that are canoes and are made using the rotational polyethylene technique. The other canoes are usually made by vacuum stripping, they are manufactured from a much less resistant three-layer polyethylene flat sheet, so they are not nearly as robust. The RTM Riviera canoe is made from the materials of whitewater kayaks and can withstand the same rough conditions on different waters. This boat can be used from Slovakian or Austrian wild waters to Lake Balaton, from Bodrog to the Danube, Tisza, and even at the water festival in \u010cesk\u00fd Krumlov, this canoe proved to be the most effective. For these reasons, we only recommend this canoe for all European Tourism tenders. From the spring of 2019, it is also available in the 4-seat Riviera XL version. Under the name Riviera Comfort, the front seat and rear seat can also be ordered with a backrest.<\/p>\n\n\t\t<\/div>\n\t<\/div>\n<\/div><\/div><\/div><\/div><\/div>","protected":false},"excerpt":{"rendered":"Egyetlen darabb\u00f3l \u00f6nt\u00f6tt t\u00f6rhetetlen, rendk\u00edv\u00fcli man\u0151verezhet\u0151s\u00e9g\u0171 indi\u00e1n kenu. A k\u00e9nyelmes \u00fcl\u00e9sek egy\u00fattal l\u00e9gzs\u00e1kok is, ez\u00e9rt a haj\u00f3 eleje \u00e9s v\u00e9ge is j\u00f3l pakolhat\u00f3. T\u00fal\u00e9l T\u00e9ged! 260 kg-ig pakolhat\u00f3.Ez az egyetlen kenu Magyarorsz\u00e1gon, amit elvihetsz vadv\u00edzre is. Semmilyen versenyt\u00e1rsa nincsen, ami kenu lenne \u00e9s rot\u00e1ci\u00f3s polietil\u00e9n technik\u00e1val k\u00e9sz\u00fclne. A t\u00f6bbi kenu \u00e1ltal\u00e1ban v\u00e1kuumleh\u00faz\u00e1ssal k\u00e9sz\u00fcl, sokkal kev\u00e9sb\u00e9...","protected":false},"featured_media":3468,"template":"","meta":{"om_disable_all_campaigns":false,"_monsterinsights_skip_tracking":false,"_monsterinsights_sitenote_active":false,"_monsterinsights_sitenote_note":"","_monsterinsights_sitenote_category":0},"product_brand":[],"product_cat":[264],"product_tag":[472],"class_list":{"0":"post-3194","1":"product","2":"type-product","3":"status-publish","4":"has-post-thumbnail","6":"product_cat-elado-tura-kenu","7":"product_tag-rtm-riviera-torhetetlen-polietilen-turakenu","9":"first","10":"instock","11":"shipping-taxable","12":"purchasable","13":"product-type-simple"},"aioseo_notices":[],"_links":{"self":[{"href":"https:\/\/www.kajakshop.hu\/en\/wp-json\/wp\/v2\/product\/3194","targetHints":{"allow":["GET"]}}],"collection":[{"href":"https:\/\/www.kajakshop.hu\/en\/wp-json\/wp\/v2\/product"}],"about":[{"href":"https:\/\/www.kajakshop.hu\/en\/wp-json\/wp\/v2\/types\/product"}],"wp:featuredmedia":[{"embeddable":true,"href":"https:\/\/www.kajakshop.hu\/en\/wp-json\/wp\/v2\/media\/3468"}],"wp:attachment":[{"href":"https:\/\/www.kajakshop.hu\/en\/wp-json\/wp\/v2\/media?parent=3194"}],"wp:term":[{"taxonomy":"product_brand","embeddable":true,"href":"https:\/\/www.kajakshop.hu\/en\/wp-json\/wp\/v2\/product_brand?post=3194"},{"taxonomy":"product_cat","embeddable":true,"href":"https:\/\/www.kajakshop.hu\/en\/wp-json\/wp\/v2\/product_cat?post=3194"},{"taxonomy":"product_tag","embeddable":true,"href":"https:\/\/www.kajakshop.hu\/en\/wp-json\/wp\/v2\/product_tag?post=3194"}],"curies":[{"name":"wp","href":"https:\/\/api.w.org\/{rel}","templated":true}]}}