{"id":3257,"date":"2017-10-18T18:59:19","date_gmt":"2017-10-18T16:59:19","guid":{"rendered":"http:\/\/kampanyweb.hu\/kajakshop\/?post_type=product&#038;p=3257"},"modified":"2023-07-05T11:31:53","modified_gmt":"2023-07-05T09:31:53","slug":"rtm-paseo","status":"publish","type":"product","link":"https:\/\/www.kajakshop.hu\/en\/product\/rtm-paseo\/","title":{"rendered":"RTM Paseo sitontop kayak"},"content":{"rendered":"<div class=\"container row-wrap-container\"><div class=\"vc_row wpb_row vc_row-fluid bg-center_center\"><div class=\"wpb_column vc_column_container vc_col-sm-12\"><div class=\"vc_column-inner\"><div class=\"wpb_wrapper\">\n\t<div class=\"wpb_text_column wpb_content_element\" >\n\t\t<div class=\"wpb_wrapper\">\n\t\t\t<p> The most maneuverable kayak of all time, even a small child can easily move it by raising the bow of the boat. The latest development of RTM. This boat beats the prices! It behaves equally well on flat waters and at sea and is good for heavy people as well. Its indestructibility will make it a popular kayak for renters.<br \/>\nCan be rowed easily even with zero knowledge.<br \/>\nTouring kayak that can be easily transported on top of a small polszki. It has become the most popular domestic kayak among fishermen.<\/p>\n<p>The RTM Paseo has been discontinued this year, replaced by the RTM Makao sitontop and we recommend the Rainbow Easylife sitontop instead.<\/p>\n<p>Similar kayaks: RTM Makao, Rainbow Easylife, DAG Taiki, RTM Mambo <\/p>\n\n\t\t<\/div>\n\t<\/div>\n<\/div><\/div><\/div><\/div><\/div>","protected":false},"excerpt":{"rendered":"Minden id\u0151k legjobban mozgathat\u00f3 kajakja, a haj\u00f3 orr\u00e1t megemelve egy kisgyerek is k\u00f6nnyen mozgathatja. Az RTM leg\u00fajabb fejleszt\u00e9se. Ez a haj\u00f3 let\u00f6ri az \u00e1rakat! Egyar\u00e1nt j\u00f3l viselkedik s\u00edkvizeken \u00e9s tengeren \u00e9s j\u00f3 nagys\u00faly\u00fa embereknek is. Elny\u0171hetetlens\u00e9ge a k\u00f6lcs\u00f6nz\u0151k n\u00e9pszer\u0171 kajakj\u00e1v\u00e1 teszi majd. Nulla tud\u00e1ssal is k\u00f6nnyed\u00e9n evezhet\u0151. Egy kispolszki tetej\u00e9n is k\u00f6nnyed\u00e9n sz\u00e1ll\u00edthat\u00f3 t\u00farakajak. A...","protected":false},"featured_media":3803,"template":"","meta":{"om_disable_all_campaigns":false,"_monsterinsights_skip_tracking":false,"_monsterinsights_sitenote_active":false,"_monsterinsights_sitenote_note":"","_monsterinsights_sitenote_category":0},"product_brand":[],"product_cat":[265,395,354],"product_tag":[],"class_list":{"0":"post-3257","1":"product","2":"type-product","3":"status-publish","4":"has-post-thumbnail","6":"product_cat-elado-kajak","7":"product_cat-kis-kajak","8":"product_cat-sit-on-top-kajak","10":"first","11":"outofstock","12":"sale","13":"shipping-taxable","14":"purchasable","15":"product-type-simple"},"aioseo_notices":[],"_links":{"self":[{"href":"https:\/\/www.kajakshop.hu\/en\/wp-json\/wp\/v2\/product\/3257","targetHints":{"allow":["GET"]}}],"collection":[{"href":"https:\/\/www.kajakshop.hu\/en\/wp-json\/wp\/v2\/product"}],"about":[{"href":"https:\/\/www.kajakshop.hu\/en\/wp-json\/wp\/v2\/types\/product"}],"wp:featuredmedia":[{"embeddable":true,"href":"https:\/\/www.kajakshop.hu\/en\/wp-json\/wp\/v2\/media\/3803"}],"wp:attachment":[{"href":"https:\/\/www.kajakshop.hu\/en\/wp-json\/wp\/v2\/media?parent=3257"}],"wp:term":[{"taxonomy":"product_brand","embeddable":true,"href":"https:\/\/www.kajakshop.hu\/en\/wp-json\/wp\/v2\/product_brand?post=3257"},{"taxonomy":"product_cat","embeddable":true,"href":"https:\/\/www.kajakshop.hu\/en\/wp-json\/wp\/v2\/product_cat?post=3257"},{"taxonomy":"product_tag","embeddable":true,"href":"https:\/\/www.kajakshop.hu\/en\/wp-json\/wp\/v2\/product_tag?post=3257"}],"curies":[{"name":"wp","href":"https:\/\/api.w.org\/{rel}","templated":true}]}}