{"id":3426,"date":"2018-04-20T14:11:52","date_gmt":"2018-04-20T12:11:52","guid":{"rendered":"http:\/\/www.kajakshop.hu\/?post_type=product&#038;p=3426"},"modified":"2023-06-02T09:40:14","modified_gmt":"2023-06-02T07:40:14","slug":"dag-mezzo-360-luxe-skeg-turakajak","status":"publish","type":"product","link":"https:\/\/www.kajakshop.hu\/en\/product\/dag-mezzo-360-luxe-skeg-turakajak\/","title":{"rendered":"DAG Mezzo 360 Luxe Skeg touring kayak"},"content":{"rendered":"<div class=\"container row-wrap-container\"><div class=\"vc_row wpb_row vc_row-fluid bg-center_center\"><div class=\"wpb_column vc_column_container vc_col-sm-12\"><div class=\"vc_column-inner\"><div class=\"wpb_wrapper\">\n\t<div class=\"wpb_text_column wpb_content_element\" >\n\t\t<div class=\"wpb_wrapper\">\n\t\t\t<h5>DAG Mezzo Luxe Skeg<\/h5>\n<p>This beautifully shaped 12-foot (360cm) touring kayak completes the offer of the largest kayak company on our continent.<\/p>\n<p>The 11ft Solo and the 13ft 21kg are surprisingly nimble kayaks.<br \/>\nFrom the calm sea to lakes, streams and rivers, this robust small kayak will be your companion. Very easy to control and very stable. Although it is not a sea kayak (less than 4 m), it can withstand strong waves extremely well, be it the razor waves of the Balaton or the longer waves of the Adriatic, so we recommend it to those who dare to row from inland to the beach. One of the strongest kayaks available in Hungary, it is indestructible, and any renter can plan with it forever.<br \/>\nLike the DAG Solo, it has a large seat because beginner kayakers are also an important target group. We recommend it for users from 40 kg to 130 kg. It&#039;s a very universal product, I recommend it from rowing on the shores of Balaton to a one-week R\u00e1ba tour or a winter H\u00e9v\u00edz stream party. Renters will probably sympathize with him.<br \/>\nSeveral equipment levels:<br \/>\nLuxe: rear waterproof luggage compartment with easy-to-open cargo cover<br \/>\nLuxe Skeg: the luxe skeg version can be pulled up on the fly, complete with a self-protective skeg.<\/p>\n\n\t\t<\/div>\n\t<\/div>\n<\/div><\/div><\/div><\/div><\/div>","protected":false},"excerpt":{"rendered":"<p>From calm seas to lakes, streams and rivers, this robust, well-guided small kayak will be your companion.<\/p>","protected":false},"featured_media":5139,"template":"","meta":{"om_disable_all_campaigns":false,"_monsterinsights_skip_tracking":false,"_monsterinsights_sitenote_active":false,"_monsterinsights_sitenote_note":"","_monsterinsights_sitenote_category":0},"product_brand":[],"product_cat":[265,395,356],"product_tag":[],"class_list":{"0":"post-3426","1":"product","2":"type-product","3":"status-publish","4":"has-post-thumbnail","6":"product_cat-elado-kajak","7":"product_cat-kis-kajak","8":"product_cat-tura-kajak","10":"first","11":"instock","12":"shipping-taxable","13":"purchasable","14":"product-type-simple"},"aioseo_notices":[],"_links":{"self":[{"href":"https:\/\/www.kajakshop.hu\/en\/wp-json\/wp\/v2\/product\/3426","targetHints":{"allow":["GET"]}}],"collection":[{"href":"https:\/\/www.kajakshop.hu\/en\/wp-json\/wp\/v2\/product"}],"about":[{"href":"https:\/\/www.kajakshop.hu\/en\/wp-json\/wp\/v2\/types\/product"}],"wp:featuredmedia":[{"embeddable":true,"href":"https:\/\/www.kajakshop.hu\/en\/wp-json\/wp\/v2\/media\/5139"}],"wp:attachment":[{"href":"https:\/\/www.kajakshop.hu\/en\/wp-json\/wp\/v2\/media?parent=3426"}],"wp:term":[{"taxonomy":"product_brand","embeddable":true,"href":"https:\/\/www.kajakshop.hu\/en\/wp-json\/wp\/v2\/product_brand?post=3426"},{"taxonomy":"product_cat","embeddable":true,"href":"https:\/\/www.kajakshop.hu\/en\/wp-json\/wp\/v2\/product_cat?post=3426"},{"taxonomy":"product_tag","embeddable":true,"href":"https:\/\/www.kajakshop.hu\/en\/wp-json\/wp\/v2\/product_tag?post=3426"}],"curies":[{"name":"wp","href":"https:\/\/api.w.org\/{rel}","templated":true}]}}