{"id":3817,"date":"2019-05-12T08:52:24","date_gmt":"2019-05-12T06:52:24","guid":{"rendered":"http:\/\/www.kajakshop.hu\/?post_type=product&#038;p=3817"},"modified":"2021-01-04T15:18:27","modified_gmt":"2021-01-04T13:18:27","slug":"riber-nylon-xxl-spritzdeck-hullamkoteny","status":"publish","type":"product","link":"https:\/\/www.kajakshop.hu\/en\/product\/riber-nylon-xxl-spritzdeck-hullamkoteny\/","title":{"rendered":"Riber half-spritzdeck \/ wave apron for large seats"},"content":{"rendered":"<p>Nylon-based, adjustable general-purpose wave apron can be used for touring and sea kayaks, as well as giant sit-ins. It only covers the first half of the spritzdeck, it does not go around the waist.<\/p>\n<p>Seam welded.<\/p>\n<p>Size range: between 85-105 cm inseam length.<\/p>","protected":false},"excerpt":{"rendered":"<p>Nylon alapanyag\u00fa, \u00e1ll\u00edthat\u00f3 \u00e1ltal\u00e1nos haszn\u00e1lat\u00fa hull\u00e1mk\u00f6t\u00e9ny t\u00fara- \u00e9s tengeri kajakokhoz, \u00f3ri\u00e1si be\u00fcl\u0151kh\u00f6z is haszn\u00e1lhat\u00f3. Csak a spritzdeck els\u0151 fel\u00e9t fedi be, a derekat nem veszi k\u00f6rbe. Varrata hegesztett. M\u00e9tettartom\u00e1ny:&nbsp;85-105 cm be\u00fcl\u0151hossz k\u00f6z\u00f6tt.<\/p>","protected":false},"featured_media":4527,"template":"","meta":{"om_disable_all_campaigns":false,"_monsterinsights_skip_tracking":false,"_monsterinsights_sitenote_active":false,"_monsterinsights_sitenote_note":"","_monsterinsights_sitenote_category":0},"product_brand":[],"product_cat":[445,364,398],"product_tag":[],"class_list":{"0":"post-3817","1":"product","2":"type-product","3":"status-publish","4":"has-post-thumbnail","6":"product_cat-spritzdeck","7":"product_cat-kajakkiegeszitok","8":"product_cat-spriccdeck-hullamkoteny","10":"first","11":"instock","12":"shipping-taxable","13":"purchasable","14":"product-type-simple"},"aioseo_notices":[],"_links":{"self":[{"href":"https:\/\/www.kajakshop.hu\/en\/wp-json\/wp\/v2\/product\/3817","targetHints":{"allow":["GET"]}}],"collection":[{"href":"https:\/\/www.kajakshop.hu\/en\/wp-json\/wp\/v2\/product"}],"about":[{"href":"https:\/\/www.kajakshop.hu\/en\/wp-json\/wp\/v2\/types\/product"}],"wp:featuredmedia":[{"embeddable":true,"href":"https:\/\/www.kajakshop.hu\/en\/wp-json\/wp\/v2\/media\/4527"}],"wp:attachment":[{"href":"https:\/\/www.kajakshop.hu\/en\/wp-json\/wp\/v2\/media?parent=3817"}],"wp:term":[{"taxonomy":"product_brand","embeddable":true,"href":"https:\/\/www.kajakshop.hu\/en\/wp-json\/wp\/v2\/product_brand?post=3817"},{"taxonomy":"product_cat","embeddable":true,"href":"https:\/\/www.kajakshop.hu\/en\/wp-json\/wp\/v2\/product_cat?post=3817"},{"taxonomy":"product_tag","embeddable":true,"href":"https:\/\/www.kajakshop.hu\/en\/wp-json\/wp\/v2\/product_tag?post=3817"}],"curies":[{"name":"wp","href":"https:\/\/api.w.org\/{rel}","templated":true}]}}