{"id":4447,"date":"2020-12-07T11:11:16","date_gmt":"2020-12-07T09:11:16","guid":{"rendered":"https:\/\/www.kajakshop.hu\/?post_type=product&#038;p=4447"},"modified":"2020-12-07T11:16:07","modified_gmt":"2020-12-07T09:16:07","slug":"kajaksport-fedelzeti-tarolo-keret-kor","status":"publish","type":"product","link":"https:\/\/www.kajakshop.hu\/en\/product\/kajaksport-fedelzeti-tarolo-keret-kor\/","title":{"rendered":"KayakSport on-board storage frame round"},"content":{"rendered":"<p>KayakSport on-board storage frame round<\/p>\n<p>10 cm HUF 4,000 (daily cover RIM frame)<\/p>\n<p>15 cm HUF 5,000 (usually front cover RIM frame)<\/p>\n<p>20 cm HUF 6,000 (usually front cover RIM frame)<\/p>\n<p>24 cm HUF 7,000 (usually front cover RIM frame)<\/p>\n<p>A comfortable kayak accessory that can be retrofitted into any tour or sea kayak. The Finnish KajakSport company manufactures the world&#039;s best quality touring kayak closing covers with lifetime durability.<\/p>","protected":false},"excerpt":{"rendered":"<p>KajakSport fed\u00e9lzeti t\u00e1rol\u00f3 keret k\u00f6r 10 cm-es 4.000 Ft (napi fed\u00e9l RIM keret) 15 cm-es 5.000 Ft (\u00e1ltal\u00e1ban front fed\u00e9l RIM keret) 20 cm-es 6.000 Ft (\u00e1ltal\u00e1ban front fed\u00e9l RIM keret) 24 cm-es 7.000 Ft (\u00e1ltal\u00e1ban front fed\u00e9l RIM keret) B\u00e1rmilyen t\u00fara \u00e9s tengeri kajakba ut\u00f3lag be\u00e9p\u00edthet\u0151, k\u00e9nyelmi kajak kieg\u00e9sz\u00edt\u0151. Finn KajakSport c\u00e9g a vil\u00e1g&#8230;<\/p>","protected":false},"featured_media":4448,"template":"","meta":{"om_disable_all_campaigns":false,"_monsterinsights_skip_tracking":false,"_monsterinsights_sitenote_active":false,"_monsterinsights_sitenote_note":"","_monsterinsights_sitenote_category":0},"product_brand":[],"product_cat":[364],"product_tag":[],"class_list":{"0":"post-4447","1":"product","2":"type-product","3":"status-publish","4":"has-post-thumbnail","6":"product_cat-kajakkiegeszitok","8":"first","9":"instock","10":"shipping-taxable","11":"purchasable","12":"product-type-simple"},"aioseo_notices":[],"_links":{"self":[{"href":"https:\/\/www.kajakshop.hu\/en\/wp-json\/wp\/v2\/product\/4447","targetHints":{"allow":["GET"]}}],"collection":[{"href":"https:\/\/www.kajakshop.hu\/en\/wp-json\/wp\/v2\/product"}],"about":[{"href":"https:\/\/www.kajakshop.hu\/en\/wp-json\/wp\/v2\/types\/product"}],"wp:featuredmedia":[{"embeddable":true,"href":"https:\/\/www.kajakshop.hu\/en\/wp-json\/wp\/v2\/media\/4448"}],"wp:attachment":[{"href":"https:\/\/www.kajakshop.hu\/en\/wp-json\/wp\/v2\/media?parent=4447"}],"wp:term":[{"taxonomy":"product_brand","embeddable":true,"href":"https:\/\/www.kajakshop.hu\/en\/wp-json\/wp\/v2\/product_brand?post=4447"},{"taxonomy":"product_cat","embeddable":true,"href":"https:\/\/www.kajakshop.hu\/en\/wp-json\/wp\/v2\/product_cat?post=4447"},{"taxonomy":"product_tag","embeddable":true,"href":"https:\/\/www.kajakshop.hu\/en\/wp-json\/wp\/v2\/product_tag?post=4447"}],"curies":[{"name":"wp","href":"https:\/\/api.w.org\/{rel}","templated":true}]}}