{"id":4451,"date":"2020-12-07T11:27:14","date_gmt":"2020-12-07T09:27:14","guid":{"rendered":"https:\/\/www.kajakshop.hu\/?post_type=product&#038;p=4451"},"modified":"2023-05-08T10:26:51","modified_gmt":"2023-05-08T08:26:51","slug":"ks-deckfitting-zsinorvezeto","status":"publish","type":"product","link":"https:\/\/www.kajakshop.hu\/en\/product\/ks-deckfitting-zsinorvezeto\/","title":{"rendered":"KS Deckfitting cord guide"},"content":{"rendered":"<p>KS Deckfitting cord guide<\/p>\n<p>A 34mm diameter line fastener for securing the deck line and safety lines of the kayak, it is fixed with a 6mm screw and is compatible with a line diameter of 5mm.<\/p>\n<p>Universal.<\/p>","protected":false},"excerpt":{"rendered":"<p>KS Deckfitting zsin\u00f3rvezet\u0151 A kajak fed\u00e9lzeti zsin\u00f3rj\u00e1nak \u00e9s biztons\u00e1gi zsin\u00f3rjainak r\u00f6gz\u00edt\u00e9s\u00e9re szolg\u00e1l\u00f3 34mm \u00e1tm\u00e9r\u0151j\u0171 zsin\u00f3rr\u00f6gz\u00edt\u0151, 6mm-es csavarral r\u00f6gz\u00edtj\u00fck \u00e9s 5 mm-es zsin\u00f3r\u00e1tm\u00e9r\u0151h\u00f6z kompatibilis. Univerz\u00e1lis.<\/p>","protected":false},"featured_media":4452,"template":"","meta":{"om_disable_all_campaigns":false,"_monsterinsights_skip_tracking":false,"_monsterinsights_sitenote_active":false,"_monsterinsights_sitenote_note":"","_monsterinsights_sitenote_category":0},"product_brand":[],"product_cat":[364],"product_tag":[],"class_list":{"0":"post-4451","1":"product","2":"type-product","3":"status-publish","4":"has-post-thumbnail","6":"product_cat-kajakkiegeszitok","8":"first","9":"instock","10":"shipping-taxable","11":"purchasable","12":"product-type-simple"},"aioseo_notices":[],"_links":{"self":[{"href":"https:\/\/www.kajakshop.hu\/en\/wp-json\/wp\/v2\/product\/4451","targetHints":{"allow":["GET"]}}],"collection":[{"href":"https:\/\/www.kajakshop.hu\/en\/wp-json\/wp\/v2\/product"}],"about":[{"href":"https:\/\/www.kajakshop.hu\/en\/wp-json\/wp\/v2\/types\/product"}],"wp:featuredmedia":[{"embeddable":true,"href":"https:\/\/www.kajakshop.hu\/en\/wp-json\/wp\/v2\/media\/4452"}],"wp:attachment":[{"href":"https:\/\/www.kajakshop.hu\/en\/wp-json\/wp\/v2\/media?parent=4451"}],"wp:term":[{"taxonomy":"product_brand","embeddable":true,"href":"https:\/\/www.kajakshop.hu\/en\/wp-json\/wp\/v2\/product_brand?post=4451"},{"taxonomy":"product_cat","embeddable":true,"href":"https:\/\/www.kajakshop.hu\/en\/wp-json\/wp\/v2\/product_cat?post=4451"},{"taxonomy":"product_tag","embeddable":true,"href":"https:\/\/www.kajakshop.hu\/en\/wp-json\/wp\/v2\/product_tag?post=4451"}],"curies":[{"name":"wp","href":"https:\/\/api.w.org\/{rel}","templated":true}]}}