{"id":4457,"date":"2020-12-07T11:45:57","date_gmt":"2020-12-07T09:45:57","guid":{"rendered":"https:\/\/www.kajakshop.hu\/?post_type=product&#038;p=4457"},"modified":"2021-04-20T10:35:48","modified_gmt":"2021-04-20T08:35:48","slug":"ks-daybox-utolag-felszerelheto-napi-tarolodoboz","status":"publish","type":"product","link":"https:\/\/www.kajakshop.hu\/en\/product\/ks-daybox-utolag-felszerelheto-napi-tarolodoboz\/","title":{"rendered":"KS Daybox is a retrofittable daily storage box"},"content":{"rendered":"<p>KS Daybox, retrofittable daily storage box<\/p>\n<p>Universal waterproof box that sits above the two knees on the kayak. By cutting the appropriate round hole on the deck, it can be fixed with a simple threaded RIM frame. It has a capacity of 3.5 L, safe storage for a camera, phone, keys or sandwich. Available with both low and high neck.<\/p>\n<p>Length: 34 cm<\/p>\n<p>Width: 20 cm<\/p>\n<p>Weight: 589 gr<\/p>\n<p>A comfortable kayak accessory that can be retrofitted into any tour or sea kayak.<\/p>\n<p>The corresponding rubber cover is sold separately.<\/p>","protected":false},"excerpt":{"rendered":"<p>KS Daybox, ut\u00f3lag felszerelhet\u0151 napi t\u00e1rol\u00f3doboz Univerz\u00e1lis v\u00edzz\u00e1r\u00f3 doboz, amely a k\u00e9t t\u00e9rd f\u00f6l\u00f6tt helyezkedik el a kajakon. A megfelel\u0151 k\u00f6r lyukat kiv\u00e1gva a fed\u00e9lzeten, egyszer\u0171 menetes RIM kerettel r\u00f6gz\u00edthet\u0151. Kapacit\u00e1sa 3.5 L biztons\u00e1gos t\u00e1rol\u00f3 kamer\u00e1nak, telefonnak, kulcsoknak vagy szendvicsnek. L\u00e9tezik alacsony \u00e9s magas nyakkal egyar\u00e1nt. Hossz: 34 cm Sz\u00e9less\u00e9g: 20 cm S\u00faly: 589 gr&#8230;<\/p>","protected":false},"featured_media":4458,"template":"","meta":{"om_disable_all_campaigns":false,"_monsterinsights_skip_tracking":false,"_monsterinsights_sitenote_active":false,"_monsterinsights_sitenote_note":"","_monsterinsights_sitenote_category":0},"product_brand":[],"product_cat":[364],"product_tag":[],"class_list":{"0":"post-4457","1":"product","2":"type-product","3":"status-publish","4":"has-post-thumbnail","6":"product_cat-kajakkiegeszitok","8":"first","9":"instock","10":"shipping-taxable","11":"purchasable","12":"product-type-simple"},"aioseo_notices":[],"_links":{"self":[{"href":"https:\/\/www.kajakshop.hu\/en\/wp-json\/wp\/v2\/product\/4457","targetHints":{"allow":["GET"]}}],"collection":[{"href":"https:\/\/www.kajakshop.hu\/en\/wp-json\/wp\/v2\/product"}],"about":[{"href":"https:\/\/www.kajakshop.hu\/en\/wp-json\/wp\/v2\/types\/product"}],"wp:featuredmedia":[{"embeddable":true,"href":"https:\/\/www.kajakshop.hu\/en\/wp-json\/wp\/v2\/media\/4458"}],"wp:attachment":[{"href":"https:\/\/www.kajakshop.hu\/en\/wp-json\/wp\/v2\/media?parent=4457"}],"wp:term":[{"taxonomy":"product_brand","embeddable":true,"href":"https:\/\/www.kajakshop.hu\/en\/wp-json\/wp\/v2\/product_brand?post=4457"},{"taxonomy":"product_cat","embeddable":true,"href":"https:\/\/www.kajakshop.hu\/en\/wp-json\/wp\/v2\/product_cat?post=4457"},{"taxonomy":"product_tag","embeddable":true,"href":"https:\/\/www.kajakshop.hu\/en\/wp-json\/wp\/v2\/product_tag?post=4457"}],"curies":[{"name":"wp","href":"https:\/\/api.w.org\/{rel}","templated":true}]}}