{"id":4461,"date":"2020-12-07T12:05:55","date_gmt":"2020-12-07T10:05:55","guid":{"rendered":"https:\/\/www.kajakshop.hu\/?post_type=product&#038;p=4461"},"modified":"2020-12-07T12:11:06","modified_gmt":"2020-12-07T10:11:06","slug":"ks-beepitheto-komplett-skeg-rendszer","status":"publish","type":"product","link":"https:\/\/www.kajakshop.hu\/en\/product\/ks-beepitheto-komplett-skeg-rendszer\/","title":{"rendered":"KS built-in complete skeg system"},"content":{"rendered":"<p>KS built-in complete skeg system<\/p>\n\n\n\n<p>Strong, buildable composite skeg, for polyethylene and ABS kayaks. Also includes skeg cable, skeg case and skeg control unit. The cord is 3 mm. <\/p>\n\n\n\n<p>Box length: 418 mm<\/p>\n\n\n\n<p>Box height: 120 mm<\/p>\n\n\n\n<p>Box width: 30 mm<\/p>\n\n\n\n<p>Weight: 618 gr<\/p>\n\n\n\n<p><\/p>","protected":false},"excerpt":{"rendered":"<p>KS be\u00e9p\u00edthet\u0151 komplett skeg rendszer Er\u0151s, be\u00e9p\u00edthet\u0151 kompozit skeg, polietil\u00e9n \u00e9s ABS kajakok sz\u00e1m\u00e1ra. Tartalmazza a skeg k\u00e1belt, a skeg tokot \u00e9s a skeg kezel\u0151 egys\u00e9get is. A zsin\u00f3r 3 mm-es. Box hossza: 418 mm Box magass\u00e1ga: 120 mm Box sz\u00e9less\u00e9ge: 30 mm S\u00faly: 618 gr<\/p>","protected":false},"featured_media":4462,"template":"","meta":{"om_disable_all_campaigns":false,"_monsterinsights_skip_tracking":false,"_monsterinsights_sitenote_active":false,"_monsterinsights_sitenote_note":"","_monsterinsights_sitenote_category":0},"product_brand":[],"product_cat":[364],"product_tag":[],"class_list":{"0":"post-4461","1":"product","2":"type-product","3":"status-publish","4":"has-post-thumbnail","6":"product_cat-kajakkiegeszitok","8":"first","9":"instock","10":"shipping-taxable","11":"purchasable","12":"product-type-simple"},"aioseo_notices":[],"_links":{"self":[{"href":"https:\/\/www.kajakshop.hu\/en\/wp-json\/wp\/v2\/product\/4461","targetHints":{"allow":["GET"]}}],"collection":[{"href":"https:\/\/www.kajakshop.hu\/en\/wp-json\/wp\/v2\/product"}],"about":[{"href":"https:\/\/www.kajakshop.hu\/en\/wp-json\/wp\/v2\/types\/product"}],"wp:featuredmedia":[{"embeddable":true,"href":"https:\/\/www.kajakshop.hu\/en\/wp-json\/wp\/v2\/media\/4462"}],"wp:attachment":[{"href":"https:\/\/www.kajakshop.hu\/en\/wp-json\/wp\/v2\/media?parent=4461"}],"wp:term":[{"taxonomy":"product_brand","embeddable":true,"href":"https:\/\/www.kajakshop.hu\/en\/wp-json\/wp\/v2\/product_brand?post=4461"},{"taxonomy":"product_cat","embeddable":true,"href":"https:\/\/www.kajakshop.hu\/en\/wp-json\/wp\/v2\/product_cat?post=4461"},{"taxonomy":"product_tag","embeddable":true,"href":"https:\/\/www.kajakshop.hu\/en\/wp-json\/wp\/v2\/product_tag?post=4461"}],"curies":[{"name":"wp","href":"https:\/\/api.w.org\/{rel}","templated":true}]}}