{"id":4482,"date":"2020-12-14T17:25:47","date_gmt":"2020-12-14T15:25:47","guid":{"rendered":"https:\/\/www.kajakshop.hu\/?post_type=product&#038;p=4482"},"modified":"2022-07-14T12:23:57","modified_gmt":"2022-07-14T10:23:57","slug":"rtm-neopren-cockpit-cover-deck-fedel","status":"publish","type":"product","link":"https:\/\/www.kajakshop.hu\/en\/product\/rtm-neopren-cockpit-cover-deck-fedel\/","title":{"rendered":"RTM neoprene cockpit cover deck cover"},"content":{"rendered":"<p><strong>RTM neoprene cockpit cover deck cover<\/strong><\/p>\n<p>Neoprene material, premium quality kayak cover for touring and sea kayaks. Robust design.<\/p>\n<p>It is suitable for storing the kayak to keep it clean inside, and for transporting the kayak on the roof, if you want to pack it in the seat of the kayak as well.<\/p>\n<p>Premium quality, super strong holding neoprene material, with a 1 cm thick extra strong rubber frame.<\/p>\n<p>M \u2013 max 75 cm<\/p>\n<p>L - 86 cm<\/p>\n<p>XL - 93 cm<\/p>\n<p>XXL - 100 cm<\/p>\n<p>XXXL - 110 cm<\/p>","protected":false},"excerpt":{"rendered":"<p>RTM neopren cockpit cover deck fed\u00e9l Neopren alapanyag\u00fa, pr\u00e9mium min\u0151s\u00e9g\u0171 kajakbe\u00fcl\u0151 bor\u00edt\u00f3 fed\u00e9l t\u00fara- \u00e9s tengeri kajakokhoz. Robosztus kivitel. Alkalmas a kajak t\u00e1rol\u00e1sakor , hogy bel\u00fcl tiszt\u00e1n maradjon, illetve haszn\u00e1ljuk a kajak tet\u0151n val\u00f3 sz\u00e1ll\u00edt\u00e1s\u00e1n\u00e1l, ha a kajak be\u00fcl\u0151j\u00e9be is szeretn\u00e9nk pakolni. Pr\u00e9mium min\u0151s\u00e9g\u0171, szuperer\u0151s tart\u00e1s\u00fa neopr\u00e9n anyag, 1 cm vastag extra er\u0151s gumi kerettel&#8230;.<\/p>","protected":false},"featured_media":4483,"template":"","meta":{"om_disable_all_campaigns":false,"_monsterinsights_skip_tracking":false,"_monsterinsights_sitenote_active":false,"_monsterinsights_sitenote_note":"","_monsterinsights_sitenote_category":0},"product_brand":[],"product_cat":[445,364,398],"product_tag":[],"class_list":{"0":"post-4482","1":"product","2":"type-product","3":"status-publish","4":"has-post-thumbnail","6":"product_cat-spritzdeck","7":"product_cat-kajakkiegeszitok","8":"product_cat-spriccdeck-hullamkoteny","10":"first","11":"instock","12":"shipping-taxable","13":"purchasable","14":"product-type-simple"},"aioseo_notices":[],"_links":{"self":[{"href":"https:\/\/www.kajakshop.hu\/en\/wp-json\/wp\/v2\/product\/4482","targetHints":{"allow":["GET"]}}],"collection":[{"href":"https:\/\/www.kajakshop.hu\/en\/wp-json\/wp\/v2\/product"}],"about":[{"href":"https:\/\/www.kajakshop.hu\/en\/wp-json\/wp\/v2\/types\/product"}],"wp:featuredmedia":[{"embeddable":true,"href":"https:\/\/www.kajakshop.hu\/en\/wp-json\/wp\/v2\/media\/4483"}],"wp:attachment":[{"href":"https:\/\/www.kajakshop.hu\/en\/wp-json\/wp\/v2\/media?parent=4482"}],"wp:term":[{"taxonomy":"product_brand","embeddable":true,"href":"https:\/\/www.kajakshop.hu\/en\/wp-json\/wp\/v2\/product_brand?post=4482"},{"taxonomy":"product_cat","embeddable":true,"href":"https:\/\/www.kajakshop.hu\/en\/wp-json\/wp\/v2\/product_cat?post=4482"},{"taxonomy":"product_tag","embeddable":true,"href":"https:\/\/www.kajakshop.hu\/en\/wp-json\/wp\/v2\/product_tag?post=4482"}],"curies":[{"name":"wp","href":"https:\/\/api.w.org\/{rel}","templated":true}]}}