{"id":4510,"date":"2021-01-04T13:50:37","date_gmt":"2021-01-04T11:50:37","guid":{"rendered":"https:\/\/www.kajakshop.hu\/?post_type=product&#038;p=4510"},"modified":"2021-03-21T15:31:37","modified_gmt":"2021-03-21T13:31:37","slug":"aquadesign-base-touring-lime-kajakos-szarazdzseki","status":"publish","type":"product","link":"https:\/\/www.kajakshop.hu\/en\/product\/aquadesign-base-touring-lime-kajakos-szarazdzseki\/","title":{"rendered":"Aquadesign Base Touring Lime kayak dry jacket"},"content":{"rendered":"<h1 class=\"wp-block-heading\">Aquadesign Touring Base kayak jacket<\/h1>\n\n\n\n<p>The Touring wind jacket is the perfect waterproof jacket to start canoeing\/kayaking. It is really very light and offers great freedom of movement. This is a windbreaker that is highly valued by clubs and communities for its very good value for money. It is available in 5 colors and 5 different sizes. Perfectly suitable equipment for canoeing, rafting or rubber boating, sailing.<br>Waterproof 8000mm, breathability 3000gr\/m2<\/p>","protected":false},"excerpt":{"rendered":"<p>Aquadesign Touring Base kajakdzseki A Touring sz\u00e9ldzseki t\u00f6k\u00e9letes v\u00edz\u00e1ll\u00f3 dzseki a kenuz\u00e1s\/kajakoz\u00e1s elkezd\u00e9s\u00e9hez. Val\u00f3ban nagyon k\u00f6nny\u0171 \u00e9s nagy mozg\u00e1sszabads\u00e1got k\u00edn\u00e1l. Ez egy sz\u00e9ldzseki, amelyet a klubok \u00e9s a k\u00f6z\u00f6ss\u00e9gek nagyra \u00e9rt\u00e9kelnek a nagyon j\u00f3 \u00e1r-\u00e9rt\u00e9k ar\u00e1ny miatt. Az 5 sz\u00ednben kaphat\u00f3 \u00e9s 5 f\u00e9le m\u00e9retben. Kenuz\u00e1sra, raftingra vagy gumics\u00f3nakoz\u00e1sra, vitorl\u00e1z\u00e1sra t\u00f6k\u00e9letesen alkalmas felszerel\u00e9s.V\u00edz\u00e1ll\u00f3s\u00e1g 8000mm, l\u00e9legz\u0151k\u00e9pess\u00e9g&#8230;<\/p>","protected":false},"featured_media":4511,"template":"","meta":{"om_disable_all_campaigns":false,"_monsterinsights_skip_tracking":false,"_monsterinsights_sitenote_active":false,"_monsterinsights_sitenote_note":"","_monsterinsights_sitenote_category":0},"product_brand":[],"product_cat":[396],"product_tag":[],"class_list":{"0":"post-4510","1":"product","2":"type-product","3":"status-publish","4":"has-post-thumbnail","6":"product_cat-kajakruhazat","8":"first","9":"instock","10":"shipping-taxable","11":"purchasable","12":"product-type-simple"},"aioseo_notices":[],"_links":{"self":[{"href":"https:\/\/www.kajakshop.hu\/en\/wp-json\/wp\/v2\/product\/4510","targetHints":{"allow":["GET"]}}],"collection":[{"href":"https:\/\/www.kajakshop.hu\/en\/wp-json\/wp\/v2\/product"}],"about":[{"href":"https:\/\/www.kajakshop.hu\/en\/wp-json\/wp\/v2\/types\/product"}],"wp:featuredmedia":[{"embeddable":true,"href":"https:\/\/www.kajakshop.hu\/en\/wp-json\/wp\/v2\/media\/4511"}],"wp:attachment":[{"href":"https:\/\/www.kajakshop.hu\/en\/wp-json\/wp\/v2\/media?parent=4510"}],"wp:term":[{"taxonomy":"product_brand","embeddable":true,"href":"https:\/\/www.kajakshop.hu\/en\/wp-json\/wp\/v2\/product_brand?post=4510"},{"taxonomy":"product_cat","embeddable":true,"href":"https:\/\/www.kajakshop.hu\/en\/wp-json\/wp\/v2\/product_cat?post=4510"},{"taxonomy":"product_tag","embeddable":true,"href":"https:\/\/www.kajakshop.hu\/en\/wp-json\/wp\/v2\/product_tag?post=4510"}],"curies":[{"name":"wp","href":"https:\/\/api.w.org\/{rel}","templated":true}]}}