{"id":4520,"date":"2021-01-04T14:56:29","date_gmt":"2021-01-04T12:56:29","guid":{"rendered":"https:\/\/www.kajakshop.hu\/?post_type=product&#038;p=4520"},"modified":"2023-04-28T11:02:51","modified_gmt":"2023-04-28T09:02:51","slug":"nrs-hooded-hasznalt-tura-kajak-szaraz-dzseki","status":"publish","type":"product","link":"https:\/\/www.kajakshop.hu\/en\/product\/nrs-hooded-hasznalt-tura-kajak-szaraz-dzseki\/","title":{"rendered":"NRS Hooded used tour kayak dry jacket"},"content":{"rendered":"<h1 class=\"wp-block-heading\">NRS Hooded kayak jacket<\/h1>\r\n\r\n\r\n\r\n<p>From rainy days to splashing waves, the NRS Men&#039;s Jacket features a hinged hood and quick-ventilating half-zip neck for adequate protection in wet conditions. The lightweight HyproTex \u2122 material provides waterproof, breathable protection while being comfortable to paddle in.<\/p>","protected":false},"excerpt":{"rendered":"<p>NRS Hooded kajakdzseki Az es\u0151s napokt\u00f3l a fr\u00f6ccsen\u0151 hull\u00e1mokig az NRS f\u00e9rfi kab\u00e1t csukl\u00f3s kapucnival \u00e9s gyorsan szell\u0151z\u0151 f\u00e9l cipz\u00e1rral ell\u00e1tott nyakkal rendelkezik, amely vizes k\u00f6r\u00fclm\u00e9nyek k\u00f6z\u00f6tt megfelel\u0151 v\u00e9delmet ny\u00fajt. A k\u00f6nny\u0171 HyproTex \u2122 anyag v\u00edz\u00e1ll\u00f3, l\u00e9legz\u0151 v\u00e9delmet ny\u00fajt, mik\u00f6zben k\u00e9nyelmesen lehet benne evezni.<\/p>","protected":false},"featured_media":5304,"template":"","meta":{"om_disable_all_campaigns":false,"_monsterinsights_skip_tracking":false,"_monsterinsights_sitenote_active":false,"_monsterinsights_sitenote_note":"","_monsterinsights_sitenote_category":0},"product_brand":[],"product_cat":[396],"product_tag":[],"class_list":{"0":"post-4520","1":"product","2":"type-product","3":"status-publish","4":"has-post-thumbnail","6":"product_cat-kajakruhazat","8":"first","9":"instock","10":"sale","11":"shipping-taxable","12":"purchasable","13":"product-type-simple"},"aioseo_notices":[],"_links":{"self":[{"href":"https:\/\/www.kajakshop.hu\/en\/wp-json\/wp\/v2\/product\/4520","targetHints":{"allow":["GET"]}}],"collection":[{"href":"https:\/\/www.kajakshop.hu\/en\/wp-json\/wp\/v2\/product"}],"about":[{"href":"https:\/\/www.kajakshop.hu\/en\/wp-json\/wp\/v2\/types\/product"}],"wp:featuredmedia":[{"embeddable":true,"href":"https:\/\/www.kajakshop.hu\/en\/wp-json\/wp\/v2\/media\/5304"}],"wp:attachment":[{"href":"https:\/\/www.kajakshop.hu\/en\/wp-json\/wp\/v2\/media?parent=4520"}],"wp:term":[{"taxonomy":"product_brand","embeddable":true,"href":"https:\/\/www.kajakshop.hu\/en\/wp-json\/wp\/v2\/product_brand?post=4520"},{"taxonomy":"product_cat","embeddable":true,"href":"https:\/\/www.kajakshop.hu\/en\/wp-json\/wp\/v2\/product_cat?post=4520"},{"taxonomy":"product_tag","embeddable":true,"href":"https:\/\/www.kajakshop.hu\/en\/wp-json\/wp\/v2\/product_tag?post=4520"}],"curies":[{"name":"wp","href":"https:\/\/api.w.org\/{rel}","templated":true}]}}