{"id":4590,"date":"2021-02-10T19:30:55","date_gmt":"2021-02-10T17:30:55","guid":{"rendered":"https:\/\/www.kajakshop.hu\/?post_type=product&#038;p=4590"},"modified":"2023-05-19T09:47:29","modified_gmt":"2023-05-19T07:47:29","slug":"nrs-riptide-tura-tengeri-kajakos-szarazdzseki","status":"publish","type":"product","link":"https:\/\/www.kajakshop.hu\/en\/product\/nrs-riptide-tura-tengeri-kajakos-szarazdzseki\/","title":{"rendered":"NRS Riptide tour \/ sea kayak dry jacket -yellow"},"content":{"rendered":"<h3 dir=\"ltr\"><strong>NRS Riptide Kayak Jacket<\/strong><\/h3>\r\n<div dir=\"ltr\">The NRS Men&#039;s Riptide Jacket is a comfortable versatile premium kayak jacket. The latest kayak jacket from the largest American manufacturer, which provides waterproof, breathable protection for those paddlers who are willing to paddle even in worse weather conditions. With a hinged hood and half-zip neck for quick adjustment, kayak skirt and neoprene wrist seals for all-day comfort.<\/div>\r\n<div dir=\"ltr\">\u00a0<\/div>\r\n<div dir=\"ltr\">HyproTex\u2122 2.5 laminated breathable fabric and factory taped seams for maximum waterproofing.<\/div>\r\n<div dir=\"ltr\">Breathable material wicks away excess heat and moisture, keeping layers dry for all-day comfort.<\/div>\r\n<div dir=\"ltr\">The anatomical neoprene wrist provides more comfortable protection than latex seals.<\/div>\r\n<div dir=\"ltr\">Three adjustment points on the hinged hood ensure a customized fit. Two bungee clips at the neck and one at the back of the hood.<\/div>\r\n<div dir=\"ltr\">It features a half-zip collar and an internal adjustable urethane neck placket that doubles the protection against rain and wind while allowing for easy ventilation on calmer days.<\/div>\r\n<div dir=\"ltr\">The velcro adjustable kayak skirt doubles to the spray skirt, keeping water out of the seat.<\/div>\r\n<div dir=\"ltr\">Two splash-proof, zipped finger pockets for smaller items.<\/div>\r\n<div dir=\"ltr\">Striking reflective zones for improved visibility and open water safety.<\/div>\r\n<div dir=\"ltr\">\u00a0<\/div>\r\n<p><br \/>Extremely light and flexible material. On the back, it is provided with two PU coatings and cellulose anti-stick.<\/p>\r\n<p>Technical parameters: weight 106 g \/ m2, composition Nylon + PU, waterproof 15,000 mm H2O, moisture permeability 15,000 g \/ m2 \/ 24 hours<\/p>","protected":false},"excerpt":{"rendered":"<p>NRS Riptide kajakdzseki Az NRS f\u00e9rfi Riptide kab\u00e1t k\u00e9nyelmes sokoldal\u00fa pr\u00e9mium kajakos dzseki. A legnagyobb amerikai gy\u00e1rt\u00f3 leg\u00fajabb kajak dzsekije mely v\u00edz\u00e1ll\u00f3, l\u00e9legz\u0151 v\u00e9delmet ny\u00fajt azoknak az evez\u0151s\u00f6knek, akik hajland\u00f3ak evezni rosszabb id\u0151j\u00e1r\u00e1si k\u00f6r\u00fclm\u00e9nyek k\u00f6z\u00f6tt is. Csukl\u00f3s kapucnival \u00e9s f\u00e9lcipz\u00e1ras nyakkal a gyors alkalmazkod\u00e1s \u00e9rdek\u00e9ben, kajak szokny\u00e1val \u00e9s neopr\u00e9n csukl\u00f3t\u00f6m\u00edt\u00e9sekkel az eg\u00e9sz napos k\u00e9nyelem\u00e9rt. \u00a0&#8230;<\/p>","protected":false},"featured_media":5106,"template":"","meta":{"om_disable_all_campaigns":false,"_monsterinsights_skip_tracking":false,"_monsterinsights_sitenote_active":false,"_monsterinsights_sitenote_note":"","_monsterinsights_sitenote_category":0},"product_brand":[],"product_cat":[396],"product_tag":[],"class_list":{"0":"post-4590","1":"product","2":"type-product","3":"status-publish","4":"has-post-thumbnail","6":"product_cat-kajakruhazat","8":"first","9":"instock","10":"shipping-taxable","11":"purchasable","12":"product-type-simple"},"aioseo_notices":[],"_links":{"self":[{"href":"https:\/\/www.kajakshop.hu\/en\/wp-json\/wp\/v2\/product\/4590","targetHints":{"allow":["GET"]}}],"collection":[{"href":"https:\/\/www.kajakshop.hu\/en\/wp-json\/wp\/v2\/product"}],"about":[{"href":"https:\/\/www.kajakshop.hu\/en\/wp-json\/wp\/v2\/types\/product"}],"wp:featuredmedia":[{"embeddable":true,"href":"https:\/\/www.kajakshop.hu\/en\/wp-json\/wp\/v2\/media\/5106"}],"wp:attachment":[{"href":"https:\/\/www.kajakshop.hu\/en\/wp-json\/wp\/v2\/media?parent=4590"}],"wp:term":[{"taxonomy":"product_brand","embeddable":true,"href":"https:\/\/www.kajakshop.hu\/en\/wp-json\/wp\/v2\/product_brand?post=4590"},{"taxonomy":"product_cat","embeddable":true,"href":"https:\/\/www.kajakshop.hu\/en\/wp-json\/wp\/v2\/product_cat?post=4590"},{"taxonomy":"product_tag","embeddable":true,"href":"https:\/\/www.kajakshop.hu\/en\/wp-json\/wp\/v2\/product_tag?post=4590"}],"curies":[{"name":"wp","href":"https:\/\/api.w.org\/{rel}","templated":true}]}}