{"id":4595,"date":"2021-02-10T19:46:45","date_gmt":"2021-02-10T17:46:45","guid":{"rendered":"https:\/\/www.kajakshop.hu\/?post_type=product&#038;p=4595"},"modified":"2025-11-06T20:53:56","modified_gmt":"2025-11-06T18:53:56","slug":"hiko-paladin-blue-goretex-full-dry-kajakos-dzseki","status":"publish","type":"product","link":"https:\/\/www.kajakshop.hu\/en\/product\/hiko-paladin-blue-goretex-full-dry-kajakos-dzseki\/","title":{"rendered":"Hiko Paladin Blue GORETEX full dry kayak jacket"},"content":{"rendered":"<h1 class=\"wp-block-heading\">Hiko Paladin Jacket<\/h1>\n\n\n\n<p>\u00a0 One of the most serious premium kayak jackets in the paddling world. Designed for the most extreme conditions.- The cut with functional seams provides great mobility and at the same time maximum comfort.- <\/p>\n\n\n\n<p>The jacket is equipped with a functional &quot;DOUBLE PULL&quot; tightening system on the waist.- You can comfortably pull the jacket close to the body at the waist with one movement.- <\/p>\n\n\n\n<p>The latex on the wrist is protected by an extended neoprene cuff.- The Cordura reinforcement of the elbow and forearm increases the protection against wear.- <\/p>\n\n\n\n<p>On the neck, the latex cuff is covered by a high neoprene protective collar.<\/p>\n\n\n\n<p><br>Four-layer laminated lightweight goretex material. The upper material is 100% nylon. The inner layers consist of a microporous coating and a hydrophilic membrane. Technical parameters: Weight 170 g \/ m2, composition Nylon + PU, waterproofness 25,000mm H20, vapor permeability 15,000 g \/ m2 \/ 24h<\/p>","protected":false},"excerpt":{"rendered":"<p>Hiko Paladin dzseki \u00a0 Az evez\u0151svil\u00e1g egyik legkomolyabb pr\u00e9mium kajakos dzsekije. A legsz\u00e9ls\u0151s\u00e9gesebb k\u00f6r\u00fclm\u00e9nyekhez tervezett.- A funkcion\u00e1lis varratokkal ell\u00e1tott szab\u00e1s nagy mozg\u00e9konys\u00e1got \u00e9s egy\u00fattal maxim\u00e1lis k\u00e9nyelmet ny\u00fajt.- A kab\u00e1t egy funkcion\u00e1lis &#8222;DOUBLE PULL&#8221; megh\u00faz\u00f3 rendszerrel van felszerelve a derek\u00e1n.- Egy mozdulattal k\u00e9nyelmesen megh\u00fazhatja a kab\u00e1tot a der\u00e9kn\u00e1l a test k\u00f6zel\u00e9ben.- A csukl\u00f3n l\u00e9v\u0151 latexeket csukl\u00f3z\u00e1r\u00e1sokat&#8230;<\/p>","protected":false},"featured_media":4596,"template":"","meta":{"om_disable_all_campaigns":false,"_monsterinsights_skip_tracking":false,"_monsterinsights_sitenote_active":false,"_monsterinsights_sitenote_note":"","_monsterinsights_sitenote_category":0},"product_brand":[],"product_cat":[396],"product_tag":[],"class_list":{"0":"post-4595","1":"product","2":"type-product","3":"status-publish","4":"has-post-thumbnail","6":"product_cat-kajakruhazat","8":"first","9":"instock","10":"sale","11":"shipping-taxable","12":"purchasable","13":"product-type-simple"},"aioseo_notices":[],"_links":{"self":[{"href":"https:\/\/www.kajakshop.hu\/en\/wp-json\/wp\/v2\/product\/4595","targetHints":{"allow":["GET"]}}],"collection":[{"href":"https:\/\/www.kajakshop.hu\/en\/wp-json\/wp\/v2\/product"}],"about":[{"href":"https:\/\/www.kajakshop.hu\/en\/wp-json\/wp\/v2\/types\/product"}],"wp:featuredmedia":[{"embeddable":true,"href":"https:\/\/www.kajakshop.hu\/en\/wp-json\/wp\/v2\/media\/4596"}],"wp:attachment":[{"href":"https:\/\/www.kajakshop.hu\/en\/wp-json\/wp\/v2\/media?parent=4595"}],"wp:term":[{"taxonomy":"product_brand","embeddable":true,"href":"https:\/\/www.kajakshop.hu\/en\/wp-json\/wp\/v2\/product_brand?post=4595"},{"taxonomy":"product_cat","embeddable":true,"href":"https:\/\/www.kajakshop.hu\/en\/wp-json\/wp\/v2\/product_cat?post=4595"},{"taxonomy":"product_tag","embeddable":true,"href":"https:\/\/www.kajakshop.hu\/en\/wp-json\/wp\/v2\/product_tag?post=4595"}],"curies":[{"name":"wp","href":"https:\/\/api.w.org\/{rel}","templated":true}]}}