{"id":4599,"date":"2021-02-10T19:55:32","date_gmt":"2021-02-10T17:55:32","guid":{"rendered":"https:\/\/www.kajakshop.hu\/?post_type=product&#038;p=4599"},"modified":"2022-11-10T14:02:25","modified_gmt":"2022-11-10T12:02:25","slug":"hiko-teddy-stretch-fleece-thermo-kajak-nadrag","status":"publish","type":"product","link":"https:\/\/www.kajakshop.hu\/en\/product\/hiko-teddy-stretch-fleece-thermo-kajak-nadrag\/","title":{"rendered":"Hiko Teddy Stretch Fleece thermal kayak pants"},"content":{"rendered":"<h1 class=\"wp-block-heading\">Hiko Teddy Stretch Fleece thermal kayak pants<\/h1>\n\n\n\n<p>These warm thermal pants are made of flexible Stretch Thermo Fleece material. Universal pants for low temperatures, fits comfortably to the body, does not stretch. <\/p>\n\n\n\n<ul class=\"wp-block-list\"><li>Ergonomic anatomical cut<\/li><li>It extends in 4 directions<\/li><li>Flat seams<\/li><li>Quickly removes moisture from the surface of the body<\/li><li>It warms you<\/li><li>It dries quickly<\/li><\/ul>\n\n\n\n<p>Due to the unique properties of the fabric and the flat sewing technology, the pants are also used as underwear. The trousers have excellent thermal insulation properties.\u00a0<\/p>\n\n\n\n<p>Applications: mountain, water and ski tourism, climbing, hunting, fishing, outdoor activities.<\/p>\n\n\n\n<p><\/p>","protected":false},"excerpt":{"rendered":"<p>Hiko Teddy Stretch Fleece thermo kajak nadr\u00e1g Ez a meleg termo nadr\u00e1g rugalmas Stretch Thermo Fleece anyagb\u00f3l k\u00e9sz\u00fcl. Univerz\u00e1lis nadr\u00e1g alacsony h\u0151m\u00e9rs\u00e9kletekhez, k\u00e9nyelmesen illeszkedik a testhez, nem fesz\u00fcl. Ergonomikus anat\u00f3mikus szab\u00e1s 4 ir\u00e1nyba ny\u00falik Lapos varratok Gyorsan elt\u00e1vol\u00edtja a nedvess\u00e9get a test fel\u00fclet\u00e9r\u0151l Meleg\u00edt Gyorsan sz\u00e1rad A sz\u00f6vet egyed\u00fcl\u00e1ll\u00f3 tulajdons\u00e1gai \u00e9s a lapos varr\u00e1si technol\u00f3gia&#8230;<\/p>","protected":false},"featured_media":4600,"template":"","meta":{"om_disable_all_campaigns":false,"_monsterinsights_skip_tracking":false,"_monsterinsights_sitenote_active":false,"_monsterinsights_sitenote_note":"","_monsterinsights_sitenote_category":0},"product_brand":[],"product_cat":[396],"product_tag":[],"class_list":{"0":"post-4599","1":"product","2":"type-product","3":"status-publish","4":"has-post-thumbnail","6":"product_cat-kajakruhazat","8":"first","9":"instock","10":"shipping-taxable","11":"purchasable","12":"product-type-simple"},"aioseo_notices":[],"_links":{"self":[{"href":"https:\/\/www.kajakshop.hu\/en\/wp-json\/wp\/v2\/product\/4599","targetHints":{"allow":["GET"]}}],"collection":[{"href":"https:\/\/www.kajakshop.hu\/en\/wp-json\/wp\/v2\/product"}],"about":[{"href":"https:\/\/www.kajakshop.hu\/en\/wp-json\/wp\/v2\/types\/product"}],"wp:featuredmedia":[{"embeddable":true,"href":"https:\/\/www.kajakshop.hu\/en\/wp-json\/wp\/v2\/media\/4600"}],"wp:attachment":[{"href":"https:\/\/www.kajakshop.hu\/en\/wp-json\/wp\/v2\/media?parent=4599"}],"wp:term":[{"taxonomy":"product_brand","embeddable":true,"href":"https:\/\/www.kajakshop.hu\/en\/wp-json\/wp\/v2\/product_brand?post=4599"},{"taxonomy":"product_cat","embeddable":true,"href":"https:\/\/www.kajakshop.hu\/en\/wp-json\/wp\/v2\/product_cat?post=4599"},{"taxonomy":"product_tag","embeddable":true,"href":"https:\/\/www.kajakshop.hu\/en\/wp-json\/wp\/v2\/product_tag?post=4599"}],"curies":[{"name":"wp","href":"https:\/\/api.w.org\/{rel}","templated":true}]}}