{"id":4714,"date":"2021-05-06T15:22:50","date_gmt":"2021-05-06T13:22:50","guid":{"rendered":"https:\/\/www.kajakshop.hu\/?post_type=product&#038;p=4714"},"modified":"2024-05-16T11:30:01","modified_gmt":"2024-05-16T09:30:01","slug":"werner-skagit-ketreszes-hasznalt-kajakevezo","status":"publish","type":"product","link":"https:\/\/www.kajakshop.hu\/en\/product\/werner-skagit-ketreszes-hasznalt-kajakevezo\/","title":{"rendered":"Werner Skagit two-piece used kayak paddle"},"content":{"rendered":"<p>Werner Skagit two-piece used kayak paddle<\/p>\n<p>American kayak paddle with adjustable angle, fiberglass handle. Its weight is 1000g<\/p>","protected":false},"excerpt":{"rendered":"<p>Werner Skagit k\u00e9tr\u00e9szes haszn\u00e1lt kajakevez\u0151 \u00c1ll\u00edthat\u00f3 sz\u00f6g\u0171, \u00fcvegsz\u00e1las nyel\u0171, amerikai kajakevez\u0151. S\u00falya 1000g<\/p>","protected":false},"featured_media":5558,"template":"","meta":{"om_disable_all_campaigns":false,"_monsterinsights_skip_tracking":false,"_monsterinsights_sitenote_active":false,"_monsterinsights_sitenote_note":"","_monsterinsights_sitenote_category":0},"product_brand":[],"product_cat":[362],"product_tag":[],"class_list":{"0":"post-4714","1":"product","2":"type-product","3":"status-publish","4":"has-post-thumbnail","6":"product_cat-evezolapat","8":"first","9":"instock","10":"sale","11":"shipping-taxable","12":"purchasable","13":"product-type-simple"},"aioseo_notices":[],"_links":{"self":[{"href":"https:\/\/www.kajakshop.hu\/en\/wp-json\/wp\/v2\/product\/4714","targetHints":{"allow":["GET"]}}],"collection":[{"href":"https:\/\/www.kajakshop.hu\/en\/wp-json\/wp\/v2\/product"}],"about":[{"href":"https:\/\/www.kajakshop.hu\/en\/wp-json\/wp\/v2\/types\/product"}],"wp:featuredmedia":[{"embeddable":true,"href":"https:\/\/www.kajakshop.hu\/en\/wp-json\/wp\/v2\/media\/5558"}],"wp:attachment":[{"href":"https:\/\/www.kajakshop.hu\/en\/wp-json\/wp\/v2\/media?parent=4714"}],"wp:term":[{"taxonomy":"product_brand","embeddable":true,"href":"https:\/\/www.kajakshop.hu\/en\/wp-json\/wp\/v2\/product_brand?post=4714"},{"taxonomy":"product_cat","embeddable":true,"href":"https:\/\/www.kajakshop.hu\/en\/wp-json\/wp\/v2\/product_cat?post=4714"},{"taxonomy":"product_tag","embeddable":true,"href":"https:\/\/www.kajakshop.hu\/en\/wp-json\/wp\/v2\/product_tag?post=4714"}],"curies":[{"name":"wp","href":"https:\/\/api.w.org\/{rel}","templated":true}]}}