{"id":4841,"date":"2021-10-19T13:57:14","date_gmt":"2021-10-19T11:57:14","guid":{"rendered":"https:\/\/www.kajakshop.hu\/?post_type=product&#038;p=4841"},"modified":"2022-11-16T13:43:33","modified_gmt":"2022-11-16T11:43:33","slug":"od-x-warm-polartec-kajak-sapka","status":"publish","type":"product","link":"https:\/\/www.kajakshop.hu\/en\/product\/od-x-warm-polartec-kajak-sapka\/","title":{"rendered":"OD X-Warm Polartec kayak cap"},"content":{"rendered":"<h3 class=\"wp-block-heading\">OD X-Warm Polartec kayak cap<\/h3>\n\n\n\n<p>Warm thermal caps are made from a combination of Polartec\u00ae Power Stretch\u00ae - Wind Pro materials. Double layer fabric on the skull.<\/p>\n\n\n\n<p>Polartec\u00ae Power Stretch\u00ae, WindProPolartec\u00ae <\/p>\n\n\n\n<ul class=\"wp-block-list\"><li>material Polartec\u00ae Power Stretch\u00ae<\/li><li>outer fabric WindPro<\/li><li>flat seam technology<\/li><\/ul>\n\n\n\n<p>Scope of application: ski tourism, hunting, fishing, outdoor activities, daily wear. <\/p>","protected":false},"excerpt":{"rendered":"<p>OD X-Warm Polartec kajak sapka Meleg thermo sapka Polartec\u00ae Power Stretch\u00ae &#8211; Wind Pro anyagok kombin\u00e1ci\u00f3j\u00e1b\u00f3l k\u00e9sz\u00fclnek. Dupla r\u00e9teg sz\u00f6vet a kopony\u00e1n. Polartec\u00ae Power Stretch\u00ae, WindProPolartec\u00ae anyaga Polartec\u00ae Power Stretch\u00ae k\u00fcls\u0151 sz\u00f6vet WindPro lapos varr\u00e1s technol\u00f3gia Alkalmaz\u00e1si k\u00f6r: s\u00edturizmus, vad\u00e1szat, horg\u00e1szat, szabadt\u00e9ri tev\u00e9kenys\u00e9gek, napi viselet.<\/p>","protected":false},"featured_media":4842,"template":"","meta":{"om_disable_all_campaigns":false,"_monsterinsights_skip_tracking":false,"_monsterinsights_sitenote_active":false,"_monsterinsights_sitenote_note":"","_monsterinsights_sitenote_category":0},"product_brand":[],"product_cat":[396],"product_tag":[],"class_list":{"0":"post-4841","1":"product","2":"type-product","3":"status-publish","4":"has-post-thumbnail","6":"product_cat-kajakruhazat","8":"first","9":"instock","10":"shipping-taxable","11":"purchasable","12":"product-type-simple"},"aioseo_notices":[],"_links":{"self":[{"href":"https:\/\/www.kajakshop.hu\/en\/wp-json\/wp\/v2\/product\/4841","targetHints":{"allow":["GET"]}}],"collection":[{"href":"https:\/\/www.kajakshop.hu\/en\/wp-json\/wp\/v2\/product"}],"about":[{"href":"https:\/\/www.kajakshop.hu\/en\/wp-json\/wp\/v2\/types\/product"}],"wp:featuredmedia":[{"embeddable":true,"href":"https:\/\/www.kajakshop.hu\/en\/wp-json\/wp\/v2\/media\/4842"}],"wp:attachment":[{"href":"https:\/\/www.kajakshop.hu\/en\/wp-json\/wp\/v2\/media?parent=4841"}],"wp:term":[{"taxonomy":"product_brand","embeddable":true,"href":"https:\/\/www.kajakshop.hu\/en\/wp-json\/wp\/v2\/product_brand?post=4841"},{"taxonomy":"product_cat","embeddable":true,"href":"https:\/\/www.kajakshop.hu\/en\/wp-json\/wp\/v2\/product_cat?post=4841"},{"taxonomy":"product_tag","embeddable":true,"href":"https:\/\/www.kajakshop.hu\/en\/wp-json\/wp\/v2\/product_tag?post=4841"}],"curies":[{"name":"wp","href":"https:\/\/api.w.org\/{rel}","templated":true}]}}