{"id":4843,"date":"2021-10-19T14:18:29","date_gmt":"2021-10-19T12:18:29","guid":{"rendered":"https:\/\/www.kajakshop.hu\/?post_type=product&#038;p=4843"},"modified":"2022-11-09T17:08:26","modified_gmt":"2022-11-09T15:08:26","slug":"aquadesign-hiptech-premium-kajakos-szaraz-dzseki","status":"publish","type":"product","link":"https:\/\/www.kajakshop.hu\/en\/product\/aquadesign-hiptech-premium-kajakos-szaraz-dzseki\/","title":{"rendered":"Aquadesign Hiptech premium kayak dry jacket"},"content":{"rendered":"<h3 class=\"wp-block-heading\">Aquadesign Hiptech premium kayak dry jacket<\/h3>\n\n\n\n<p>This is a whitewater\/marine paddling jacket.- <\/p>\n\n\n\n<p>The compromise between comfort and waterproofing is provided by a completely new, stretchy neoprene neck with a sealing latex strip. <\/p>\n\n\n\n<p>Latex cuffs on the hands with neoprene covering.- <\/p>\n\n\n\n<p>At the waist, the double belt is equipped with a Double Pull tightening system.- The refined cut ensures freedom of movement, comfortable dressing and undressing.<\/p>\n\n\n\n<p>3 laminated Goretex fabric with layered coatings. Due to its weaving density, it is characterized by high strength and durability. Technical parameters of the material, WP20.000m \/ m, MVP20.000g \/ m2 \/ 24Hrs<\/p>","protected":false},"excerpt":{"rendered":"<p>Aquadesign Hiptech pr\u00e9mium kajakos sz\u00e1raz dzseki Ez egy vadv\u00edzi\/tengeri evez\u0151skab\u00e1t.- A k\u00e9nyelem \u00e9s a v\u00edzz\u00e1r\u00e1s k\u00f6z\u00f6tti kompromisszumot egy teljesen \u00faj, megh\u00faz\u00f3d\u00f3 neopr\u00e9n nyak ny\u00fajtja, t\u00f6m\u00edt\u0151 latex cs\u00edkkal.- Latex mandzsetta a kezeken neopr\u00e9n bor\u00edt\u00e1ssal.- Der\u00e9kn\u00e1l a kett\u0151s \u00f6v Double Pull megh\u00faz\u00e1si rendszerrel van felszerelve.- A kifinomult szab\u00e1s biztos\u00edtja a mozg\u00e1s szabads\u00e1g\u00e1t, a k\u00e9nyelmes \u00f6lt\u00f6zk\u00f6d\u00e9st \u00e9s vetk\u0151z\u00e9st&#8230;.<\/p>","protected":false},"featured_media":4844,"template":"","meta":{"om_disable_all_campaigns":false,"_monsterinsights_skip_tracking":false,"_monsterinsights_sitenote_active":false,"_monsterinsights_sitenote_note":"","_monsterinsights_sitenote_category":0},"product_brand":[],"product_cat":[396],"product_tag":[],"class_list":{"0":"post-4843","1":"product","2":"type-product","3":"status-publish","4":"has-post-thumbnail","6":"product_cat-kajakruhazat","8":"first","9":"instock","10":"shipping-taxable","11":"purchasable","12":"product-type-simple"},"aioseo_notices":[],"_links":{"self":[{"href":"https:\/\/www.kajakshop.hu\/en\/wp-json\/wp\/v2\/product\/4843","targetHints":{"allow":["GET"]}}],"collection":[{"href":"https:\/\/www.kajakshop.hu\/en\/wp-json\/wp\/v2\/product"}],"about":[{"href":"https:\/\/www.kajakshop.hu\/en\/wp-json\/wp\/v2\/types\/product"}],"wp:featuredmedia":[{"embeddable":true,"href":"https:\/\/www.kajakshop.hu\/en\/wp-json\/wp\/v2\/media\/4844"}],"wp:attachment":[{"href":"https:\/\/www.kajakshop.hu\/en\/wp-json\/wp\/v2\/media?parent=4843"}],"wp:term":[{"taxonomy":"product_brand","embeddable":true,"href":"https:\/\/www.kajakshop.hu\/en\/wp-json\/wp\/v2\/product_brand?post=4843"},{"taxonomy":"product_cat","embeddable":true,"href":"https:\/\/www.kajakshop.hu\/en\/wp-json\/wp\/v2\/product_cat?post=4843"},{"taxonomy":"product_tag","embeddable":true,"href":"https:\/\/www.kajakshop.hu\/en\/wp-json\/wp\/v2\/product_tag?post=4843"}],"curies":[{"name":"wp","href":"https:\/\/api.w.org\/{rel}","templated":true}]}}