{"id":4845,"date":"2021-10-19T14:31:50","date_gmt":"2021-10-19T12:31:50","guid":{"rendered":"https:\/\/www.kajakshop.hu\/?post_type=product&#038;p=4845"},"modified":"2022-11-09T17:08:14","modified_gmt":"2022-11-09T15:08:14","slug":"aquadesign-hiptech-premium-kajak-szaraznadrag-fulldry-pant","status":"publish","type":"product","link":"https:\/\/www.kajakshop.hu\/en\/product\/aquadesign-hiptech-premium-kajak-szaraznadrag-fulldry-pant\/","title":{"rendered":"Aquadesign Hiptech Premium kayak dry pants FullDry Pant"},"content":{"rendered":"<p>This premium kayak shoe is made with neoprene ankles. Its tear resistance, water resistance and breathability are ensured by an excellent combination and the three-layer American Goretex\u00ae membrane (20000mm \/ 20000gm2) <\/p>\n\n\n\n<ul class=\"wp-block-list\"><li>3-layer membrane Goretex\u00ae (20000mm \/ 20000gm2)<\/li><li>ergonomic fit<\/li><li>neoprene waist made of super elastic neoprene for comfort and ease of movement<\/li><li>Neoprene belt with Velcro<\/li><li>All seams are hermetically sealed<\/li><li>The ankle is made of Supratex-covered neoprene material that can be adjusted with Velcro <\/li><\/ul>\n\n\n\n<p>Applications: all types of water activities, perfect for touring kayaking, sea kayaking, white water. The product is available in several colors.&nbsp;<\/p>","protected":false},"excerpt":{"rendered":"<p>Neopr\u00e9n bok\u00e1val k\u00e9sz\u00fcl ez a pr\u00e9mium kajaknadr\u00e1g. Szak\u00edt\u00f3szil\u00e1rds\u00e1g\u00e1t, v\u00edz\u00e1ll\u00f3s\u00e1g\u00e1nak \u00e9s l\u00e9g\u00e1tereszt\u0151 k\u00e9pess\u00e9g\u00e9nek kiv\u00e1l\u00f3 kombin\u00e1ci\u00f3ja \u00e9s a h\u00e1romr\u00e9teg\u0171 amerikai Goretex\u00ae membr\u00e1n biztos\u00edtja (20000mm \/ 20000gm2) 3 r\u00e9teg\u0171 membr\u00e1n Goretex\u00ae (20000mm \/ 20000gm2) ergonomikus illeszked\u00e9s neopr\u00e9n der\u00e9k szuper elasztikus neopr\u00e9nb\u0151l a k\u00e9nyelem \u00e9s a k\u00f6nny\u0171 mozg\u00e1s \u00e9rdek\u00e9ben Neopr\u00e9n \u00f6v t\u00e9p\u0151z\u00e1rral Minden varrat hermetikusan ragasztott A boka Velcroval&#8230;<\/p>","protected":false},"featured_media":4846,"template":"","meta":{"om_disable_all_campaigns":false,"_monsterinsights_skip_tracking":false,"_monsterinsights_sitenote_active":false,"_monsterinsights_sitenote_note":"","_monsterinsights_sitenote_category":0},"product_brand":[],"product_cat":[396],"product_tag":[],"class_list":{"0":"post-4845","1":"product","2":"type-product","3":"status-publish","4":"has-post-thumbnail","6":"product_cat-kajakruhazat","8":"first","9":"instock","10":"shipping-taxable","11":"purchasable","12":"product-type-simple"},"aioseo_notices":[],"_links":{"self":[{"href":"https:\/\/www.kajakshop.hu\/en\/wp-json\/wp\/v2\/product\/4845","targetHints":{"allow":["GET"]}}],"collection":[{"href":"https:\/\/www.kajakshop.hu\/en\/wp-json\/wp\/v2\/product"}],"about":[{"href":"https:\/\/www.kajakshop.hu\/en\/wp-json\/wp\/v2\/types\/product"}],"wp:featuredmedia":[{"embeddable":true,"href":"https:\/\/www.kajakshop.hu\/en\/wp-json\/wp\/v2\/media\/4846"}],"wp:attachment":[{"href":"https:\/\/www.kajakshop.hu\/en\/wp-json\/wp\/v2\/media?parent=4845"}],"wp:term":[{"taxonomy":"product_brand","embeddable":true,"href":"https:\/\/www.kajakshop.hu\/en\/wp-json\/wp\/v2\/product_brand?post=4845"},{"taxonomy":"product_cat","embeddable":true,"href":"https:\/\/www.kajakshop.hu\/en\/wp-json\/wp\/v2\/product_cat?post=4845"},{"taxonomy":"product_tag","embeddable":true,"href":"https:\/\/www.kajakshop.hu\/en\/wp-json\/wp\/v2\/product_tag?post=4845"}],"curies":[{"name":"wp","href":"https:\/\/api.w.org\/{rel}","templated":true}]}}