{"id":4873,"date":"2021-10-20T11:41:07","date_gmt":"2021-10-20T09:41:07","guid":{"rendered":"https:\/\/www.kajakshop.hu\/?post_type=product&#038;p=4873"},"modified":"2021-10-20T11:44:46","modified_gmt":"2021-10-20T09:44:46","slug":"od-polartec-szelmelleny-premium","status":"publish","type":"product","link":"https:\/\/www.kajakshop.hu\/en\/product\/od-polartec-szelmelleny-premium\/","title":{"rendered":"OD Polartec Wind Jacket Premium"},"content":{"rendered":"<h3 class=\"wp-block-heading\">OD Polartec Wind Jacket Premium<\/h3>\n\n\n\n<p><\/p>\n\n\n\n<p>This windbreaker is made of premium windproof material with real Polartec on the inside, very comfortable and extremely heat-retaining material. Ideal for year-round or summer boating activities. It also adapts perfectly as a second layer. <\/p>","protected":false},"excerpt":{"rendered":"<p>OD Polartec Sz\u00e9lmell\u00e9ny Premium Ez a pr\u00e9mium sz\u00e9l\u00e1ll\u00f3 anyagb\u00f3l k\u00e9sz\u00fclt sz\u00e9lmell\u00e9ny, bel\u00fcl val\u00f3di Polartec, nagyon k\u00e9nyelmes, rendk\u00edv\u00fcli h\u0151tart\u00e1s\u00fa anyagb\u00f3l k\u00e9sz\u00fclt. Ide\u00e1lis eg\u00e9sz \u00e9ves vagy ny\u00e1ri haj\u00f3z\u00e1si tev\u00e9kenys\u00e9gekhez. M\u00e1sodik r\u00e9tegek\u00e9nt is t\u00f6k\u00e9letesen alkalmazkodik.<\/p>","protected":false},"featured_media":4874,"template":"","meta":{"om_disable_all_campaigns":false,"_monsterinsights_skip_tracking":false,"_monsterinsights_sitenote_active":false,"_monsterinsights_sitenote_note":"","_monsterinsights_sitenote_category":0},"product_brand":[],"product_cat":[396],"product_tag":[],"class_list":{"0":"post-4873","1":"product","2":"type-product","3":"status-publish","4":"has-post-thumbnail","6":"product_cat-kajakruhazat","8":"first","9":"instock","10":"shipping-taxable","11":"purchasable","12":"product-type-simple"},"aioseo_notices":[],"_links":{"self":[{"href":"https:\/\/www.kajakshop.hu\/en\/wp-json\/wp\/v2\/product\/4873","targetHints":{"allow":["GET"]}}],"collection":[{"href":"https:\/\/www.kajakshop.hu\/en\/wp-json\/wp\/v2\/product"}],"about":[{"href":"https:\/\/www.kajakshop.hu\/en\/wp-json\/wp\/v2\/types\/product"}],"wp:featuredmedia":[{"embeddable":true,"href":"https:\/\/www.kajakshop.hu\/en\/wp-json\/wp\/v2\/media\/4874"}],"wp:attachment":[{"href":"https:\/\/www.kajakshop.hu\/en\/wp-json\/wp\/v2\/media?parent=4873"}],"wp:term":[{"taxonomy":"product_brand","embeddable":true,"href":"https:\/\/www.kajakshop.hu\/en\/wp-json\/wp\/v2\/product_brand?post=4873"},{"taxonomy":"product_cat","embeddable":true,"href":"https:\/\/www.kajakshop.hu\/en\/wp-json\/wp\/v2\/product_cat?post=4873"},{"taxonomy":"product_tag","embeddable":true,"href":"https:\/\/www.kajakshop.hu\/en\/wp-json\/wp\/v2\/product_tag?post=4873"}],"curies":[{"name":"wp","href":"https:\/\/api.w.org\/{rel}","templated":true}]}}