{"id":4875,"date":"2021-10-20T11:45:59","date_gmt":"2021-10-20T09:45:59","guid":{"rendered":"https:\/\/www.kajakshop.hu\/?post_type=product&#038;p=4875"},"modified":"2021-10-20T11:48:22","modified_gmt":"2021-10-20T09:48:22","slug":"aquadesign-bali-pro-double-kajakdzseki","status":"publish","type":"product","link":"https:\/\/www.kajakshop.hu\/en\/product\/aquadesign-bali-pro-double-kajakdzseki\/","title":{"rendered":"Aquadesign Bali Pro Double kayak jacket"},"content":{"rendered":"<h1 class=\"wp-block-heading\">Aquadesign Bali PRO kayak jacket<\/h1>\n\n\n\n<p>The Bali wind jacket is the ideal jacket for mid-summer water sports. It is very light and easy to put on. This is a windbreaker that is very popular among clubbers with a very good value for money. Wind jacket is perfectly suitable for canoeing, rafting or rubber boating, sailing. Double skirt at the meeting with the splash deck, Velcro waterproof adjustable sleeve at the biceps. Water resistance 100000 mm, breathability 10000gr\/m2<\/p>","protected":false},"excerpt":{"rendered":"<p>Aquadesign Bali PRO kajakdzseki A Bali sz\u00e9ldzseki ide\u00e1lis dzseki a ny\u00e1r k\u00f6zepi v\u00edzi sportokhoz. Nagyon k\u00f6nny\u0171 \u00e9s k\u00f6nnyen felvehet\u0151. Ez egy sz\u00e9ldzseki, amely nagyon kedvez\u0151 \u00e1r-\u00e9rt\u00e9k ar\u00e1ny mellett nagyon n\u00e9pszer\u0171 a klubok k\u00f6r\u00e9ben. Sz\u00e9ldzseki t\u00f6k\u00e9letesen alkalmas kenuz\u00e1sra, raftingra vagy gumics\u00f3nakoz\u00e1sra, vitorl\u00e1z\u00e1sra. Dupla szoknya a spriccdeckkel val\u00f3 tal\u00e1koz\u00e1sn\u00e1l, Velcro v\u00edzmentesen be\u00e1ll\u00edthat\u00f3 ingujj a bicepszn\u00e9l. V\u00edzb\u00edr\u00e1s 100000&#8230;<\/p>","protected":false},"featured_media":4876,"template":"","meta":{"om_disable_all_campaigns":false,"_monsterinsights_skip_tracking":false,"_monsterinsights_sitenote_active":false,"_monsterinsights_sitenote_note":"","_monsterinsights_sitenote_category":0},"product_brand":[],"product_cat":[396],"product_tag":[],"class_list":{"0":"post-4875","1":"product","2":"type-product","3":"status-publish","4":"has-post-thumbnail","6":"product_cat-kajakruhazat","8":"first","9":"instock","10":"sale","11":"shipping-taxable","12":"purchasable","13":"product-type-simple"},"aioseo_notices":[],"_links":{"self":[{"href":"https:\/\/www.kajakshop.hu\/en\/wp-json\/wp\/v2\/product\/4875","targetHints":{"allow":["GET"]}}],"collection":[{"href":"https:\/\/www.kajakshop.hu\/en\/wp-json\/wp\/v2\/product"}],"about":[{"href":"https:\/\/www.kajakshop.hu\/en\/wp-json\/wp\/v2\/types\/product"}],"wp:featuredmedia":[{"embeddable":true,"href":"https:\/\/www.kajakshop.hu\/en\/wp-json\/wp\/v2\/media\/4876"}],"wp:attachment":[{"href":"https:\/\/www.kajakshop.hu\/en\/wp-json\/wp\/v2\/media?parent=4875"}],"wp:term":[{"taxonomy":"product_brand","embeddable":true,"href":"https:\/\/www.kajakshop.hu\/en\/wp-json\/wp\/v2\/product_brand?post=4875"},{"taxonomy":"product_cat","embeddable":true,"href":"https:\/\/www.kajakshop.hu\/en\/wp-json\/wp\/v2\/product_cat?post=4875"},{"taxonomy":"product_tag","embeddable":true,"href":"https:\/\/www.kajakshop.hu\/en\/wp-json\/wp\/v2\/product_tag?post=4875"}],"curies":[{"name":"wp","href":"https:\/\/api.w.org\/{rel}","templated":true}]}}