{"id":4921,"date":"2021-12-01T19:57:55","date_gmt":"2021-12-01T17:57:55","guid":{"rendered":"https:\/\/www.kajakshop.hu\/?post_type=product&#038;p=4921"},"modified":"2021-12-01T20:04:57","modified_gmt":"2021-12-01T18:04:57","slug":"hiko-lars-vizallo-harisnya","status":"publish","type":"product","link":"https:\/\/www.kajakshop.hu\/en\/product\/hiko-lars-vizallo-harisnya\/","title":{"rendered":"HIKO LARS waterproof tights"},"content":{"rendered":"<h3 class=\"wp-block-heading\">HIKO LARS waterproof tights<\/h3>\n\n\n\n<p>LARS tights are suitable for all water sports where a part of the leg must be immersed in water. Completely waterproof, recommended for winter and summer.<br>\u2013 The material used and the glued seams provide the product with excellent thermal insulation properties even in cold conditions.<br>\u2013 Waterproof and warm.<\/p>\n\n\n\n<p>Scope of application: kayaking, ski tourism, hunting, fishing, outdoor activities, daily wear. <\/p>","protected":false},"excerpt":{"rendered":"<p>HIKO LARS v\u00edz\u00e1ll\u00f3 harisnya A LARS harisnya minden olyan v\u00edzi sporthoz alkalmas, ahol a l\u00e1b egy r\u00e9sz\u00e9t v\u00edzbe kell mer\u00edteni. Teljesen v\u00edz\u00e1ll\u00f3, t\u00e9lre, ny\u00e1rra javasoljuk.&#8211; A felhaszn\u00e1lt anyag \u00e9s a ragasztott varratok hideg k\u00f6r\u00fclm\u00e9nyek k\u00f6z\u00f6tt is kiv\u00e1l\u00f3 h\u0151szigetel\u0151 tulajdons\u00e1gokat biztos\u00edtanak a term\u00e9knek.&#8211; V\u00edz\u00e1ll\u00f3 \u00e9s meleg. Alkalmaz\u00e1si k\u00f6r: kajakoz\u00e1s, s\u00edturizmus, vad\u00e1szat, horg\u00e1szat, szabadt\u00e9ri tev\u00e9kenys\u00e9gek, napi viselet.<\/p>","protected":false},"featured_media":4922,"template":"","meta":{"om_disable_all_campaigns":false,"_monsterinsights_skip_tracking":false,"_monsterinsights_sitenote_active":false,"_monsterinsights_sitenote_note":"","_monsterinsights_sitenote_category":0},"product_brand":[],"product_cat":[396],"product_tag":[],"class_list":{"0":"post-4921","1":"product","2":"type-product","3":"status-publish","4":"has-post-thumbnail","6":"product_cat-kajakruhazat","8":"first","9":"instock","10":"shipping-taxable","11":"purchasable","12":"product-type-simple"},"aioseo_notices":[],"_links":{"self":[{"href":"https:\/\/www.kajakshop.hu\/en\/wp-json\/wp\/v2\/product\/4921","targetHints":{"allow":["GET"]}}],"collection":[{"href":"https:\/\/www.kajakshop.hu\/en\/wp-json\/wp\/v2\/product"}],"about":[{"href":"https:\/\/www.kajakshop.hu\/en\/wp-json\/wp\/v2\/types\/product"}],"wp:featuredmedia":[{"embeddable":true,"href":"https:\/\/www.kajakshop.hu\/en\/wp-json\/wp\/v2\/media\/4922"}],"wp:attachment":[{"href":"https:\/\/www.kajakshop.hu\/en\/wp-json\/wp\/v2\/media?parent=4921"}],"wp:term":[{"taxonomy":"product_brand","embeddable":true,"href":"https:\/\/www.kajakshop.hu\/en\/wp-json\/wp\/v2\/product_brand?post=4921"},{"taxonomy":"product_cat","embeddable":true,"href":"https:\/\/www.kajakshop.hu\/en\/wp-json\/wp\/v2\/product_cat?post=4921"},{"taxonomy":"product_tag","embeddable":true,"href":"https:\/\/www.kajakshop.hu\/en\/wp-json\/wp\/v2\/product_tag?post=4921"}],"curies":[{"name":"wp","href":"https:\/\/api.w.org\/{rel}","templated":true}]}}