{"id":5021,"date":"2022-04-28T09:28:10","date_gmt":"2022-04-28T07:28:10","guid":{"rendered":"https:\/\/www.kajakshop.hu\/?post_type=product&#038;p=5021"},"modified":"2022-04-28T09:29:57","modified_gmt":"2022-04-28T07:29:57","slug":"viking-noi-kajakos-lelegzos-alaoltozo-szett-kajak-also-es-felso","status":"publish","type":"product","link":"https:\/\/www.kajakshop.hu\/en\/product\/viking-noi-kajakos-lelegzos-alaoltozo-szett-kajak-also-es-felso\/","title":{"rendered":"Viking women&#039;s kayak breathable underwear set, kayak bottom and top"},"content":{"rendered":"<div class=\"container row-wrap-container\"><div class=\"vc_row wpb_row vc_row-fluid bg-center_center\"><div class=\"wpb_column vc_column_container vc_col-sm-12\"><div class=\"vc_column-inner\"><div class=\"wpb_wrapper\">\n\t<div class=\"wpb_text_column wpb_content_element\" >\n\t\t<div class=\"wpb_wrapper\">\n\t\t\t<h1 class=\"wp-block-heading\">Viking kayak breathable underwear set, kayak bottom and top<\/h1>\n<p>Breathable thermal underwear bottom, top, with high lycra content<!-- \/wp:post-content --><\/p>\n<p><!-- wp:list --><\/p>\n<ul>\n<li>Ergonomic anatomical cut<\/li>\n<li>Breathable, cooling in heat<\/li>\n<li>Flat seams<\/li>\n<li>High vapor permeability<\/li>\n<li>Quickly removes moisture from the surface of the body<\/li>\n<li>It dries quickly<\/li>\n<li>UV protection (blocks 95.9% solar radiation) - Sun protection<\/li>\n<li>Antibacterial properties that reduce the development of unpleasant odor -<\/li>\n<\/ul>\n<p><!-- \/wp:list --><\/p>\n\n\t\t<\/div>\n\t<\/div>\n<\/div><\/div><\/div><\/div><\/div>","protected":false},"excerpt":{"rendered":"Viking kajakos l\u00e9legz\u0151s al\u00e1\u00f6lt\u00f6z\u0151 szett, kajak als\u00f3 \u00e9s fels\u0151 L\u00e9legz\u0151 thermo al\u00e1\u00f6lt\u00f6z\u0151 als\u00f3, fels\u0151, magas lycra tartalommal Ergonomikus anat\u00f3mikus szab\u00e1s L\u00e9legz\u0151, melegben h\u0171s\u00edt\u0151 Lapos varratok Nagy a p\u00e1ra\u00e1tereszt\u0151 k\u00e9pess\u00e9g Gyorsan elt\u00e1vol\u00edtja a nedvess\u00e9get a test fel\u00fclet\u00e9r\u0151l Gyorsan sz\u00e1rad UV-v\u00e9delem (95,9% -os napsug\u00e1rz\u00e1st blokkol) - Napv\u00e9delem Antibakteri\u00e1lis tulajdons\u00e1gok, amelyek cs\u00f6kkentik a kellemetlen szag kialakul\u00e1s\u00e1t -","protected":false},"featured_media":5022,"template":"","meta":{"om_disable_all_campaigns":false,"_monsterinsights_skip_tracking":false,"_monsterinsights_sitenote_active":false,"_monsterinsights_sitenote_note":"","_monsterinsights_sitenote_category":0},"product_brand":[],"product_cat":[396],"product_tag":[],"class_list":{"0":"post-5021","1":"product","2":"type-product","3":"status-publish","4":"has-post-thumbnail","6":"product_cat-kajakruhazat","8":"first","9":"instock","10":"shipping-taxable","11":"purchasable","12":"product-type-simple"},"aioseo_notices":[],"_links":{"self":[{"href":"https:\/\/www.kajakshop.hu\/en\/wp-json\/wp\/v2\/product\/5021","targetHints":{"allow":["GET"]}}],"collection":[{"href":"https:\/\/www.kajakshop.hu\/en\/wp-json\/wp\/v2\/product"}],"about":[{"href":"https:\/\/www.kajakshop.hu\/en\/wp-json\/wp\/v2\/types\/product"}],"wp:featuredmedia":[{"embeddable":true,"href":"https:\/\/www.kajakshop.hu\/en\/wp-json\/wp\/v2\/media\/5022"}],"wp:attachment":[{"href":"https:\/\/www.kajakshop.hu\/en\/wp-json\/wp\/v2\/media?parent=5021"}],"wp:term":[{"taxonomy":"product_brand","embeddable":true,"href":"https:\/\/www.kajakshop.hu\/en\/wp-json\/wp\/v2\/product_brand?post=5021"},{"taxonomy":"product_cat","embeddable":true,"href":"https:\/\/www.kajakshop.hu\/en\/wp-json\/wp\/v2\/product_cat?post=5021"},{"taxonomy":"product_tag","embeddable":true,"href":"https:\/\/www.kajakshop.hu\/en\/wp-json\/wp\/v2\/product_tag?post=5021"}],"curies":[{"name":"wp","href":"https:\/\/api.w.org\/{rel}","templated":true}]}}