{"id":5091,"date":"2022-07-15T12:40:31","date_gmt":"2022-07-15T10:40:31","guid":{"rendered":"https:\/\/www.kajakshop.hu\/?post_type=product&#038;p=5091"},"modified":"2022-07-15T12:42:15","modified_gmt":"2022-07-15T10:42:15","slug":"nrs-wrsi-composite-premium-zold-vadvizi-sisak","status":"publish","type":"product","link":"https:\/\/www.kajakshop.hu\/en\/product\/nrs-wrsi-composite-premium-zold-vadvizi-sisak\/","title":{"rendered":"NRS WRSI composite premium green whitewater helmet"},"content":{"rendered":"<div class=\"container row-wrap-container\"><div class=\"vc_row wpb_row vc_row-fluid bg-center_center\"><div class=\"wpb_column vc_column_container vc_col-sm-12\"><div class=\"vc_column-inner\"><div class=\"wpb_wrapper\">\n\t<div class=\"wpb_text_column wpb_content_element\" >\n\t\t<div class=\"wpb_wrapper\">\n\t\t\t<h3 class=\"wp-block-heading\">NRS WRSI composite premium blue whitewater helmet<\/h3>\n<p>The helmet offering the most serious protection, accredited by the International Whitewater Association, with the highest level of technology. For advanced whitewater kayaking and rafting.<\/p>\n<p><!-- \/wp:post-content --><\/p>\n\n\t\t<\/div>\n\t<\/div>\n<\/div><\/div><\/div><\/div><\/div>","protected":false},"excerpt":{"rendered":"NRS WRSI composite pr\u00e9mium k\u00e9k vadv\u00edzi sisak A legkomolyabb v\u00e9delmet ny\u00fajt\u00f3, nemzetk\u00f6zi vadv\u00edzi sz\u00f6vets\u00e9g \u00e1ltal akkredit\u00e1lt sisak, legmagasabb szint\u0171 technol\u00f3gi\u00e1val. Halad\u00f3 vadv\u00edzi kajakoz\u00e1shoz \u00e9s raftoz\u00e1shoz.","protected":false},"featured_media":5092,"template":"","meta":{"om_disable_all_campaigns":false,"_monsterinsights_skip_tracking":false,"_monsterinsights_sitenote_active":false,"_monsterinsights_sitenote_note":"","_monsterinsights_sitenote_category":0},"product_brand":[],"product_cat":[396],"product_tag":[],"class_list":{"0":"post-5091","1":"product","2":"type-product","3":"status-publish","4":"has-post-thumbnail","6":"product_cat-kajakruhazat","8":"first","9":"instock","10":"sale","11":"shipping-taxable","12":"purchasable","13":"product-type-simple"},"aioseo_notices":[],"_links":{"self":[{"href":"https:\/\/www.kajakshop.hu\/en\/wp-json\/wp\/v2\/product\/5091","targetHints":{"allow":["GET"]}}],"collection":[{"href":"https:\/\/www.kajakshop.hu\/en\/wp-json\/wp\/v2\/product"}],"about":[{"href":"https:\/\/www.kajakshop.hu\/en\/wp-json\/wp\/v2\/types\/product"}],"wp:featuredmedia":[{"embeddable":true,"href":"https:\/\/www.kajakshop.hu\/en\/wp-json\/wp\/v2\/media\/5092"}],"wp:attachment":[{"href":"https:\/\/www.kajakshop.hu\/en\/wp-json\/wp\/v2\/media?parent=5091"}],"wp:term":[{"taxonomy":"product_brand","embeddable":true,"href":"https:\/\/www.kajakshop.hu\/en\/wp-json\/wp\/v2\/product_brand?post=5091"},{"taxonomy":"product_cat","embeddable":true,"href":"https:\/\/www.kajakshop.hu\/en\/wp-json\/wp\/v2\/product_cat?post=5091"},{"taxonomy":"product_tag","embeddable":true,"href":"https:\/\/www.kajakshop.hu\/en\/wp-json\/wp\/v2\/product_tag?post=5091"}],"curies":[{"name":"wp","href":"https:\/\/api.w.org\/{rel}","templated":true}]}}