{"id":5197,"date":"2022-11-16T14:05:49","date_gmt":"2022-11-16T12:05:49","guid":{"rendered":"https:\/\/www.kajakshop.hu\/?post_type=product&#038;p=5197"},"modified":"2022-11-16T14:37:19","modified_gmt":"2022-11-16T12:37:19","slug":"aquadesign-titan-nub-neopren-harisnya","status":"publish","type":"product","link":"https:\/\/www.kajakshop.hu\/en\/product\/aquadesign-titan-nub-neopren-harisnya\/","title":{"rendered":"Aquadesign Titan Nub Neoprene tights"},"content":{"rendered":"<div class=\"container row-wrap-container\"><div class=\"vc_row wpb_row vc_row-fluid bg-center_center\"><div class=\"wpb_column vc_column_container vc_col-sm-12\"><div class=\"vc_column-inner\"><div class=\"wpb_wrapper\">\n\t<div class=\"wpb_text_column wpb_content_element\" >\n\t\t<div class=\"wpb_wrapper\">\n\t\t\t<h3 class=\"wp-block-heading\">Aquadesign Titan Nub Neoprene tights<\/h3>\n<p>Nub socks are part of the Aquadesign Titanium\u00ae technical thermal product range, which trap and reflect body heat in contact with the skin. Thanks to this technology, and despite the fact that the Nub socks are only 1.5 mm thick, they provide excellent thermal insulation and keep your feet warm even in the coldest water. The socks are made of flexible, flat-seam neoprene with four modules for maximum comfort. Easily fits into canyoning shoes or kayak, SUP or sailing boots. Its length covers the calves and is appreciated by anglers and climbers.<\/p>\n<p><!-- \/wp:post-content --><\/p>\n<p><!-- wp:paragraph -->Scope of application: kayaking, ski tourism, hunting, fishing, outdoor activities, climbing, daily wear.<\/p>\n<p><!-- \/wp:paragraph --><\/p>\n\n\t\t<\/div>\n\t<\/div>\n<\/div><\/div><\/div><\/div><\/div>","protected":false},"excerpt":{"rendered":"Aquadesign Titan Nub Neopren harisnya A Nub zokni az Aquadesign Titanium\u00ae technikai termikus term\u00e9kcsal\u00e1d r\u00e9sze, amely a b\u0151rrel \u00e9rintkezve bez\u00e1rja \u00e9s visszat\u00fckr\u00f6zi a testh\u0151t . Ennek a technol\u00f3gi\u00e1nak k\u00f6sz\u00f6nhet\u0151en, \u00e9s annak ellen\u00e9re, hogy a Nub zokni mind\u00f6ssze 1,5 mm vastag, kiv\u00e1l\u00f3 h\u0151szigetel\u00e9st biztos\u00edt, \u00e9s m\u00e9g a leghidegebb v\u00edzben is melegen tartja a l\u00e1b\u00e1t. A zokni...","protected":false},"featured_media":5198,"template":"","meta":{"om_disable_all_campaigns":false,"_monsterinsights_skip_tracking":false,"_monsterinsights_sitenote_active":false,"_monsterinsights_sitenote_note":"","_monsterinsights_sitenote_category":0},"product_brand":[],"product_cat":[396],"product_tag":[],"class_list":{"0":"post-5197","1":"product","2":"type-product","3":"status-publish","4":"has-post-thumbnail","6":"product_cat-kajakruhazat","8":"first","9":"instock","10":"shipping-taxable","11":"purchasable","12":"product-type-simple"},"aioseo_notices":[],"_links":{"self":[{"href":"https:\/\/www.kajakshop.hu\/en\/wp-json\/wp\/v2\/product\/5197","targetHints":{"allow":["GET"]}}],"collection":[{"href":"https:\/\/www.kajakshop.hu\/en\/wp-json\/wp\/v2\/product"}],"about":[{"href":"https:\/\/www.kajakshop.hu\/en\/wp-json\/wp\/v2\/types\/product"}],"wp:featuredmedia":[{"embeddable":true,"href":"https:\/\/www.kajakshop.hu\/en\/wp-json\/wp\/v2\/media\/5198"}],"wp:attachment":[{"href":"https:\/\/www.kajakshop.hu\/en\/wp-json\/wp\/v2\/media?parent=5197"}],"wp:term":[{"taxonomy":"product_brand","embeddable":true,"href":"https:\/\/www.kajakshop.hu\/en\/wp-json\/wp\/v2\/product_brand?post=5197"},{"taxonomy":"product_cat","embeddable":true,"href":"https:\/\/www.kajakshop.hu\/en\/wp-json\/wp\/v2\/product_cat?post=5197"},{"taxonomy":"product_tag","embeddable":true,"href":"https:\/\/www.kajakshop.hu\/en\/wp-json\/wp\/v2\/product_tag?post=5197"}],"curies":[{"name":"wp","href":"https:\/\/api.w.org\/{rel}","templated":true}]}}