{"id":5199,"date":"2022-11-16T14:38:33","date_gmt":"2022-11-16T12:38:33","guid":{"rendered":"https:\/\/www.kajakshop.hu\/?post_type=product&#038;p=5199"},"modified":"2022-11-16T14:43:20","modified_gmt":"2022-11-16T12:43:20","slug":"aquadesign-norma-neopren-zokni","status":"publish","type":"product","link":"https:\/\/www.kajakshop.hu\/en\/product\/aquadesign-norma-neopren-zokni\/","title":{"rendered":"Aquadesign Norma Neoprene socks"},"content":{"rendered":"<div class=\"container row-wrap-container\"><div class=\"vc_row wpb_row vc_row-fluid bg-center_center\"><div class=\"wpb_column vc_column_container vc_col-sm-12\"><div class=\"vc_column-inner\"><div class=\"wpb_wrapper\">\n\t<div class=\"wpb_text_column wpb_content_element\" >\n\t\t<div class=\"wpb_wrapper\">\n\t\t\t<h3 class=\"wp-block-heading\">Aquadesign Norma Neoprene Socks<\/h3>\n<p>The Norma Aquadesign neoprene socks are made of 3 double-sided 3.5 mm neoprene panels that are glued together. Unlike traditional socks, in addition to guaranteeing very good thermal insulation, they offer real foot comfort by limiting friction. This is the Aquadesign standard, perfectly adapted to all water sports by matching fins, boots and boots. Ideal for canoeing, canyoning, diving or paddling. Color-coded model according to size s, m, l, xl, xxl<\/p>\n<p><!-- \/wp:post-content --><\/p>\n<p><!-- wp:paragraph -->Scope of application: kayaking, ski tourism, hunting, fishing, outdoor activities, climbing, daily wear.<\/p>\n<p><!-- \/wp:paragraph --><\/p>\n\n\t\t<\/div>\n\t<\/div>\n<\/div><\/div><\/div><\/div><\/div>","protected":false},"excerpt":{"rendered":"Aquadesign Norma Neopren Zokni A Norma Aquadesign neopr\u00e9n zokni 3 k\u00e9toldalas, 3,5 mm-es neopr\u00e9n panelb\u0151l k\u00e9sz\u00fcl, amelyek egym\u00e1shoz vannak ragasztva. A hagyom\u00e1nyos zoknikt\u00f3l elt\u00e9r\u0151en, amellett, hogy nagyon j\u00f3 h\u0151szigetel\u00e9st garant\u00e1lnak, a s\u00farl\u00f3d\u00e1s korl\u00e1toz\u00e1s\u00e1val val\u00f3di l\u00e1bkomfortot ny\u00fajtanak. Ez az Aquadesign szabv\u00e1ny, amely t\u00f6k\u00e9letesen alkalmazkodik minden v\u00edzi sporthoz az\u00e1ltal, hogy illeszkedik az uszonyokhoz, bakancsokhoz \u00e9s csizm\u00e1khoz. Ide\u00e1lis...","protected":false},"featured_media":5200,"template":"","meta":{"om_disable_all_campaigns":false,"_monsterinsights_skip_tracking":false,"_monsterinsights_sitenote_active":false,"_monsterinsights_sitenote_note":"","_monsterinsights_sitenote_category":0},"product_brand":[],"product_cat":[396],"product_tag":[],"class_list":{"0":"post-5199","1":"product","2":"type-product","3":"status-publish","4":"has-post-thumbnail","6":"product_cat-kajakruhazat","8":"first","9":"instock","10":"shipping-taxable","11":"purchasable","12":"product-type-simple"},"aioseo_notices":[],"_links":{"self":[{"href":"https:\/\/www.kajakshop.hu\/en\/wp-json\/wp\/v2\/product\/5199","targetHints":{"allow":["GET"]}}],"collection":[{"href":"https:\/\/www.kajakshop.hu\/en\/wp-json\/wp\/v2\/product"}],"about":[{"href":"https:\/\/www.kajakshop.hu\/en\/wp-json\/wp\/v2\/types\/product"}],"wp:featuredmedia":[{"embeddable":true,"href":"https:\/\/www.kajakshop.hu\/en\/wp-json\/wp\/v2\/media\/5200"}],"wp:attachment":[{"href":"https:\/\/www.kajakshop.hu\/en\/wp-json\/wp\/v2\/media?parent=5199"}],"wp:term":[{"taxonomy":"product_brand","embeddable":true,"href":"https:\/\/www.kajakshop.hu\/en\/wp-json\/wp\/v2\/product_brand?post=5199"},{"taxonomy":"product_cat","embeddable":true,"href":"https:\/\/www.kajakshop.hu\/en\/wp-json\/wp\/v2\/product_cat?post=5199"},{"taxonomy":"product_tag","embeddable":true,"href":"https:\/\/www.kajakshop.hu\/en\/wp-json\/wp\/v2\/product_tag?post=5199"}],"curies":[{"name":"wp","href":"https:\/\/api.w.org\/{rel}","templated":true}]}}