{"id":5385,"date":"2023-05-19T09:33:16","date_gmt":"2023-05-19T07:33:16","guid":{"rendered":"https:\/\/www.kajakshop.hu\/?post_type=product&#038;p=5385"},"modified":"2023-07-05T11:29:34","modified_gmt":"2023-07-05T09:29:34","slug":"aquadesign-upano-premium-rescue-mentomelleny","status":"publish","type":"product","link":"https:\/\/www.kajakshop.hu\/en\/product\/aquadesign-upano-premium-rescue-mentomelleny\/","title":{"rendered":"Aquadesign Upano premium rescue lifejacket"},"content":{"rendered":"<div class=\"container row-wrap-container\"><div class=\"vc_row wpb_row vc_row-fluid bg-center_center\"><div class=\"wpb_column vc_column_container vc_col-sm-12\"><div class=\"vc_column-inner\"><div class=\"wpb_wrapper\"><\/div><\/div><\/div><\/div><\/div>\n<h3 dir=\"ltr\">Aquadesign Upano premium rescue lifejacket<\/h3>\n<div dir=\"ltr\">The UPANO vest is specially designed for tour guides and canoeists. The high-quality construction made of Cordura\u00ae 1000D fabric and PVC foam provides not only comfort but also very good resistance over time. With balanced buoyancy and many adjustment options, UPANO perfectly adapts to the body shape, liberating the kayaker&#039;s movement for optimal whitewater practice. The UPANO vest is a true Swiss army knife with all the safety features essential for guides and kayakers on high rivers. Numerous storage compartments, release balls, leash with carabiner, safety belt, knife holder and reinforced shoulders... everything is there to keep the rower safe without hindering his movement.<\/div>\n<div dir=\"ltr\">\n<div dir=\"ltr\">Technical parameters:<\/div>\n<div dir=\"ltr\">BO 4521<\/div>\n<div dir=\"ltr\">WEIGHT 1.25 KG<\/div>\n<div dir=\"ltr\">ISO EN 12402-5<\/div>\n<div dir=\"ltr\">USE tour guides\/professionals<\/div>\n<div dir=\"ltr\">MATERIALS Cordura\u00ae 1000 D PVC foam YKK\u00ae zipper<\/div>\n<\/div>","protected":false},"excerpt":{"rendered":"<p>Aquadesign Upano pr\u00e9mium rescue ment\u0151mell\u00e9ny Az UPANO mell\u00e9nyt kifejezetten a t\u00faravezet\u0151k \u00e9s a kenus szakemberek sz\u00e1m\u00e1ra tervezt\u00e9k. A Cordura\u00ae 1000D sz\u00f6vetb\u0151l \u00e9s PVC-habb\u00f3l k\u00e9sz\u00fclt cs\u00facsmin\u0151s\u00e9g\u0171 konstrukci\u00f3ja a k\u00e9nyelem mellett nagyon j\u00f3 id\u0151beli ellen\u00e1ll\u00f3 k\u00e9pess\u00e9get is biztos\u00edt. A kiegyens\u00falyozott felhajt\u00f3er\u0151vel \u00e9s sz\u00e1mos be\u00e1ll\u00edt\u00e1si lehet\u0151s\u00e9ggel t\u00f6k\u00e9letesen alkalmazkodik a testalkathoz, az UPANO felszabad\u00edtja a kajakos mozg\u00e1s\u00e1t a vadv\u00edzi&#8230;<\/p>","protected":false},"featured_media":5386,"template":"","meta":{"om_disable_all_campaigns":false,"_monsterinsights_skip_tracking":false,"_monsterinsights_sitenote_active":false,"_monsterinsights_sitenote_note":"","_monsterinsights_sitenote_category":0},"product_brand":[],"product_cat":[363],"product_tag":[],"class_list":{"0":"post-5385","1":"product","2":"type-product","3":"status-publish","4":"has-post-thumbnail","6":"product_cat-mentomelleny","8":"first","9":"instock","10":"shipping-taxable","11":"purchasable","12":"product-type-simple"},"aioseo_notices":[],"_links":{"self":[{"href":"https:\/\/www.kajakshop.hu\/en\/wp-json\/wp\/v2\/product\/5385","targetHints":{"allow":["GET"]}}],"collection":[{"href":"https:\/\/www.kajakshop.hu\/en\/wp-json\/wp\/v2\/product"}],"about":[{"href":"https:\/\/www.kajakshop.hu\/en\/wp-json\/wp\/v2\/types\/product"}],"wp:featuredmedia":[{"embeddable":true,"href":"https:\/\/www.kajakshop.hu\/en\/wp-json\/wp\/v2\/media\/5386"}],"wp:attachment":[{"href":"https:\/\/www.kajakshop.hu\/en\/wp-json\/wp\/v2\/media?parent=5385"}],"wp:term":[{"taxonomy":"product_brand","embeddable":true,"href":"https:\/\/www.kajakshop.hu\/en\/wp-json\/wp\/v2\/product_brand?post=5385"},{"taxonomy":"product_cat","embeddable":true,"href":"https:\/\/www.kajakshop.hu\/en\/wp-json\/wp\/v2\/product_cat?post=5385"},{"taxonomy":"product_tag","embeddable":true,"href":"https:\/\/www.kajakshop.hu\/en\/wp-json\/wp\/v2\/product_tag?post=5385"}],"curies":[{"name":"wp","href":"https:\/\/api.w.org\/{rel}","templated":true}]}}