{"id":5464,"date":"2023-11-24T16:17:57","date_gmt":"2023-11-24T14:17:57","guid":{"rendered":"https:\/\/www.kajakshop.hu\/?post_type=product&#038;p=5464"},"modified":"2023-11-24T16:19:19","modified_gmt":"2023-11-24T14:19:19","slug":"nrs-foray-premium-drysuit-blue-kajakos-szarazruha","status":"publish","type":"product","link":"https:\/\/www.kajakshop.hu\/en\/product\/nrs-foray-premium-drysuit-blue-kajakos-szarazruha\/","title":{"rendered":"NRS Foray Premium Drysuit Blue kayak dry suit"},"content":{"rendered":"<h1 class=\"wp-block-heading\">NRS Drysuit<\/h1>\r\n\r\n\r\n\r\n<ul class=\"wp-block-list\">\r\n<li>The dry suit is made of Japanese material, Toyota Gelanots 4-layer membrane (20000 mmH2O \/ 10000 m2 \/24 hours).<\/li>\r\n<li>The back, knees, elbows and toes are reinforced with durable Cordura material.<\/li>\r\n<li>Ergonomic anatomical cut<\/li>\r\n<li>The dry TIZIP zipper is located on the upper part, which does not interfere with free movement and is comfortable during paddling.<\/li>\r\n<li>Additional dry zipper from the front (with slits)<\/li>\r\n<li>The inner cuff is latex<\/li>\r\n<li>Fully taped seams<\/li>\r\n<li>Reflective elements<\/li>\r\n<\/ul>\r\n<p>NRS is the most common and popular drysuit in all of North America.<\/p>","protected":false},"excerpt":{"rendered":"<p>NRS Drysuit A sz\u00e1razruha jap\u00e1n anyagb\u00f3l k\u00e9sz\u00fclt, Toyota Gelanots 4 r\u00e9teg\u0171 membr\u00e1nb\u00f3l (20000 mmH2O \/ 10000 m2 \/24 \u00f3ra). A h\u00e1t, a t\u00e9rd, a k\u00f6ny\u00f6k \u00e9s a l\u00e1bujjak tart\u00f3s Cordura anyaggal vannak meger\u0151s\u00edtve. Ergonomikus anat\u00f3mikus szab\u00e1s A sz\u00e1raz TIZIP cipz\u00e1r a mels\u0151 r\u00e9szen tal\u00e1lhat\u00f3, amely nem zavarja a szabad mozg\u00e1st, \u00e9s k\u00e9nyelmes az evez\u00e9s sor\u00e1n&#8230;.<\/p>","protected":false},"featured_media":5465,"template":"","meta":{"om_disable_all_campaigns":false,"_monsterinsights_skip_tracking":false,"_monsterinsights_sitenote_active":false,"_monsterinsights_sitenote_note":"","_monsterinsights_sitenote_category":0},"product_brand":[],"product_cat":[396],"product_tag":[],"class_list":{"0":"post-5464","1":"product","2":"type-product","3":"status-publish","4":"has-post-thumbnail","6":"product_cat-kajakruhazat","8":"first","9":"instock","10":"sale","11":"shipping-taxable","12":"purchasable","13":"product-type-simple"},"aioseo_notices":[],"_links":{"self":[{"href":"https:\/\/www.kajakshop.hu\/en\/wp-json\/wp\/v2\/product\/5464","targetHints":{"allow":["GET"]}}],"collection":[{"href":"https:\/\/www.kajakshop.hu\/en\/wp-json\/wp\/v2\/product"}],"about":[{"href":"https:\/\/www.kajakshop.hu\/en\/wp-json\/wp\/v2\/types\/product"}],"wp:featuredmedia":[{"embeddable":true,"href":"https:\/\/www.kajakshop.hu\/en\/wp-json\/wp\/v2\/media\/5465"}],"wp:attachment":[{"href":"https:\/\/www.kajakshop.hu\/en\/wp-json\/wp\/v2\/media?parent=5464"}],"wp:term":[{"taxonomy":"product_brand","embeddable":true,"href":"https:\/\/www.kajakshop.hu\/en\/wp-json\/wp\/v2\/product_brand?post=5464"},{"taxonomy":"product_cat","embeddable":true,"href":"https:\/\/www.kajakshop.hu\/en\/wp-json\/wp\/v2\/product_cat?post=5464"},{"taxonomy":"product_tag","embeddable":true,"href":"https:\/\/www.kajakshop.hu\/en\/wp-json\/wp\/v2\/product_tag?post=5464"}],"curies":[{"name":"wp","href":"https:\/\/api.w.org\/{rel}","templated":true}]}}