{"id":5647,"date":"2024-11-07T10:36:19","date_gmt":"2024-11-07T08:36:19","guid":{"rendered":"https:\/\/www.kajakshop.hu\/?post_type=product&#038;p=5647"},"modified":"2025-05-15T10:14:51","modified_gmt":"2025-05-15T08:14:51","slug":"wavesport-diesel-60-vadvizi-kajak","status":"publish","type":"product","link":"https:\/\/www.kajakshop.hu\/en\/product\/wavesport-diesel-60-vadvizi-kajak\/","title":{"rendered":"Wavesport Diesel 60 white water kayak"},"content":{"rendered":"<div class=\"container row-wrap-container\"><div class=\"vc_row wpb_row vc_row-fluid bg-center_center\"><\/div><\/div><div class=\"wpb_column vc_column_container vc_col-sm-12\"><div class=\"vc_column-inner\"><div class=\"wpb_wrapper\"><\/div><\/div><\/div>\n\t<div class=\"wpb_text_column wpb_content_element\" >\n\t\t<div class=\"wpb_wrapper\">\n\t\t\t<h3 dir=\"ltr\">Wavesport Diesel 60 white water kayak<\/h3>\n<div dir=\"ltr\"><\/div>\n<div dir=\"ltr\">Wavesport Diesel is the most common type of the famous American white water kayak company. I recommend this whitewater kayak especially for beginners and intermediates. The type is a real River Runner medium volume wild water kayak.<\/div>\n<div dir=\"ltr\">Very stable, non-wobbly wild water kayak. Even people with very thick thighs can fit in it. Tempo is medium, leading is precise and easy.<\/div>\n<div dir=\"ltr\">A very good and comfortable entry-level kayak for whitewater rafting, and the price is very reasonable compared to the American model.<\/div>\n<div dir=\"ltr\"><\/div>\n<div dir=\"ltr\">The Wavesport Diesel is a popular all-purpose whitewater kayak suitable for going down rivers, playing whitewater courses and surfing. This river runner has a flat bottom, so this model surfs well on a wave and quickly transitions into water. Also, this model has enough buoyancy to not be penalized for any mistakes in the water. In short: a fun kayak for both beginners and slightly advanced!<\/div>\n<div dir=\"ltr\"><\/div>\n<div dir=\"ltr\">The updated version of the Diesel comes in three sizes, so it fits large, medium and small. This is for the Whiteout version. Includes ratchet for adjustable backrest, adjustable plate footrest, thick, comfortable foam-covered seat and adjustable knee supports. The hip pad kit is optional and sold separately.<\/div>\n<div dir=\"ltr\">SPECIFICATIONS<\/div>\n<div dir=\"ltr\">Size: Wavesport Diesel 60<\/div>\n<div dir=\"ltr\">Length: 223 cm<\/div>\n<div dir=\"ltr\">Width: 64 cm<\/div>\n<div dir=\"ltr\">Seat length: 85 cm<\/div>\n<div dir=\"ltr\">Capacity: 227 l<\/div>\n<div dir=\"ltr\">Kayak weight: 17 kg<\/div>\n<div dir=\"ltr\">Weight group: 27-64 kg<\/div>\n\n\t\t<\/div>\n\t<\/div>","protected":false},"excerpt":{"rendered":"Wavesport Diesel 60 vadvizi kajak A Wavesport Diesel a h\u00edres amerikai vadvizi kajakc\u00e9g legelterjedtebb t\u00edpusa. F\u0151leg kezd\u0151knek \u00e9s k\u00f6z\u00e9phalad\u00f3knsk aj\u00e1nlom ezt a vadvizi kajakot. A t\u00edpus igazi River Runner k\u00f6zepes \u0171r tartalm\u00fa vadvizi kajak. Nagyon stabil, nem billeg\u0151s vadvizi kajak. Eg\u00e9szen vastagcomb\u00fa emberek is belef\u00e9r nek. Temp\u00f3ra k\u00f6zepes, \u00e9lvezet\u00e9se pontos \u00e9s k\u00f6nny\u0171. Nagyon jo es...","protected":false},"featured_media":5648,"template":"","meta":{"om_disable_all_campaigns":false,"_monsterinsights_skip_tracking":false,"_monsterinsights_sitenote_active":false,"_monsterinsights_sitenote_note":"","_monsterinsights_sitenote_category":0},"product_brand":[],"product_cat":[265,409,395,359],"product_tag":[],"class_list":{"0":"post-5647","1":"product","2":"type-product","3":"status-publish","4":"has-post-thumbnail","6":"product_cat-elado-kajak","7":"product_cat-gyerek-junior-kajak","8":"product_cat-kis-kajak","9":"product_cat-vadvizi-kajak","11":"first","12":"instock","13":"sale","14":"shipping-taxable","15":"purchasable","16":"product-type-simple"},"aioseo_notices":[],"_links":{"self":[{"href":"https:\/\/www.kajakshop.hu\/en\/wp-json\/wp\/v2\/product\/5647","targetHints":{"allow":["GET"]}}],"collection":[{"href":"https:\/\/www.kajakshop.hu\/en\/wp-json\/wp\/v2\/product"}],"about":[{"href":"https:\/\/www.kajakshop.hu\/en\/wp-json\/wp\/v2\/types\/product"}],"wp:featuredmedia":[{"embeddable":true,"href":"https:\/\/www.kajakshop.hu\/en\/wp-json\/wp\/v2\/media\/5648"}],"wp:attachment":[{"href":"https:\/\/www.kajakshop.hu\/en\/wp-json\/wp\/v2\/media?parent=5647"}],"wp:term":[{"taxonomy":"product_brand","embeddable":true,"href":"https:\/\/www.kajakshop.hu\/en\/wp-json\/wp\/v2\/product_brand?post=5647"},{"taxonomy":"product_cat","embeddable":true,"href":"https:\/\/www.kajakshop.hu\/en\/wp-json\/wp\/v2\/product_cat?post=5647"},{"taxonomy":"product_tag","embeddable":true,"href":"https:\/\/www.kajakshop.hu\/en\/wp-json\/wp\/v2\/product_tag?post=5647"}],"curies":[{"name":"wp","href":"https:\/\/api.w.org\/{rel}","templated":true}]}}