{"id":5649,"date":"2024-11-07T10:41:15","date_gmt":"2024-11-07T08:41:15","guid":{"rendered":"https:\/\/www.kajakshop.hu\/?post_type=product&#038;p=5649"},"modified":"2024-11-07T10:44:39","modified_gmt":"2024-11-07T08:44:39","slug":"camaro-kajakos-mentomelleny","status":"publish","type":"product","link":"https:\/\/www.kajakshop.hu\/en\/product\/camaro-kajakos-mentomelleny\/","title":{"rendered":"Camaro Kayak Life Jacket"},"content":{"rendered":"<h3>Camaro Life Jacket<\/h3>\r\n<p><br \/>Deep underarm cutout for active kayaking<br \/><br \/><\/p>\r\n\r\n<p>&nbsp;<\/p>","protected":false},"excerpt":{"rendered":"<p>Camaro ment\u0151mell\u00e9ny M\u00e9ly h\u00f3naljkiv\u00e1g\u00e1s akt\u00edv kajakoz\u00e1shoz &nbsp;<\/p>","protected":false},"featured_media":5650,"template":"","meta":{"om_disable_all_campaigns":false,"_monsterinsights_skip_tracking":false,"_monsterinsights_sitenote_active":false,"_monsterinsights_sitenote_note":"","_monsterinsights_sitenote_category":0},"product_brand":[],"product_cat":[363],"product_tag":[446],"class_list":{"0":"post-5649","1":"product","2":"type-product","3":"status-publish","4":"has-post-thumbnail","6":"product_cat-mentomelleny","7":"product_tag-mentomelleny","9":"first","10":"instock","11":"sale","12":"shipping-taxable","13":"purchasable","14":"product-type-simple"},"aioseo_notices":[],"_links":{"self":[{"href":"https:\/\/www.kajakshop.hu\/en\/wp-json\/wp\/v2\/product\/5649","targetHints":{"allow":["GET"]}}],"collection":[{"href":"https:\/\/www.kajakshop.hu\/en\/wp-json\/wp\/v2\/product"}],"about":[{"href":"https:\/\/www.kajakshop.hu\/en\/wp-json\/wp\/v2\/types\/product"}],"wp:featuredmedia":[{"embeddable":true,"href":"https:\/\/www.kajakshop.hu\/en\/wp-json\/wp\/v2\/media\/5650"}],"wp:attachment":[{"href":"https:\/\/www.kajakshop.hu\/en\/wp-json\/wp\/v2\/media?parent=5649"}],"wp:term":[{"taxonomy":"product_brand","embeddable":true,"href":"https:\/\/www.kajakshop.hu\/en\/wp-json\/wp\/v2\/product_brand?post=5649"},{"taxonomy":"product_cat","embeddable":true,"href":"https:\/\/www.kajakshop.hu\/en\/wp-json\/wp\/v2\/product_cat?post=5649"},{"taxonomy":"product_tag","embeddable":true,"href":"https:\/\/www.kajakshop.hu\/en\/wp-json\/wp\/v2\/product_tag?post=5649"}],"curies":[{"name":"wp","href":"https:\/\/api.w.org\/{rel}","templated":true}]}}