{"id":5816,"date":"2025-07-26T12:45:42","date_gmt":"2025-07-26T10:45:42","guid":{"rendered":"https:\/\/www.kajakshop.hu\/?post_type=product&#038;p=5816"},"modified":"2025-07-26T12:48:15","modified_gmt":"2025-07-26T10:48:15","slug":"rtm-makao-comfort-sitontop-kajak","status":"publish","type":"product","link":"https:\/\/www.kajakshop.hu\/en\/product\/rtm-makao-comfort-sitontop-kajak\/","title":{"rendered":"RTM Makao Frog Comfort Sitontop Kayak"},"content":{"rendered":"<div class=\"container row-wrap-container\"><div class=\"vc_row wpb_row vc_row-fluid bg-center_center\"><div class=\"wpb_column vc_column_container vc_col-sm-12\"><div class=\"vc_column-inner\"><div class=\"wpb_wrapper\"><h2 style=\"text-align: left\" class=\"vc_custom_heading heading-allstore heading-500 heading-align-left\" ><span>RTM Macau<\/span><\/h2>\n\t<div class=\"wpb_text_column wpb_content_element\" >\n\t\t<div class=\"wpb_wrapper\">\n\t\t\t<h5>RTM Makao is an improved, modernized version of the highly successful Mambo. The previous Mambo kayak was supplemented with a double-sided oar holder, a factory-integrated and fold-down seat backrest, a water-tight recliner and more robust lockable grips at the front and back. The Makao Deluxe Wheel version rolls on its own corner, so it does not require a sitontop cart. Its geometric parameters are completely identical to Mambo.<\/h5>\n<h5>The creator of RTM Mambo is\u00a0<a href=\"https:\/\/www.rtmkayaks.com\/\">RTM is a French kayak company<\/a>\u00a0its quality is market-leading in Europe, not the same quality as the Seaside Chinese copies. A large multi-sport store operating in our country also manufactures RTM Mambo kayaks, but the RTM Mambo kayaks 20% we import are thicker-walled, stronger, and made of original American Dupont plastic colored in material, while the pieces manufactured for the department store are made of a much less UV-resistant, milky-white base, mixed with dye. it is made of material that does not match the original real Mambo material.<\/h5>\n<p>If I had to think about which is our most versatile SITONTOP overall, I would say the Mambo. This is true because the flat water recommendation is 100%, the sea\/lake recommendation is 100%, I can take it to the Danube, Tisza, Bodrog, but they can go hiking with it, for example also for all Slovak wild waters.<br \/>\nIt is probably one of our best recommended small kayaks for Lake Balaton, Lake Velence, Lake Tisza.<br \/>\nIts shape is similar to a trimaran, its keel is firm and has a large displacement - therefore it also has good steering. My 6-year-old daughter could already row independently. At the same time, it can be used for up to 130 kg people.<br \/>\nIt was no coincidence that it was the kayak of the year in Europe in the small compact category.<br \/>\nIt moves nicely, it holds its ground in almost any wave.<br \/>\nIn the small category, only one Sitontop is competitive with it, that is\u00a0<a href=\"https:\/\/www.kajakshop.hu\/en\/product\/rtm-paseo\/\">RTM Paseo<\/a>.<br \/>\nI took it as a joke to the Slovenian river Soca and paddled the entire rafting section with him. It is essentially uncoverable. It is very transportable, two can be sunk into each other, and even on the roof rack of a small Polski you can head to Balcsi or the Adria. DeLuxe version with super strong 5mm wall thickness.<\/p>\n\n\t\t<\/div>\n\t<\/div>\n<\/div><\/div><\/div><\/div><\/div><div class=\"container row-wrap-container\"><div class=\"vc_row wpb_row vc_row-fluid bg-center_center\"><div class=\"wpb_column vc_column_container vc_col-sm-12\"><div class=\"vc_column-inner\"><div class=\"wpb_wrapper\"><\/div><\/div><\/div><\/div><\/div>","protected":false},"excerpt":{"rendered":"RTM Makao Az RTM Makao a nagysiker\u0171 Mambo tov\u00e1bbfejlesztett, moderniz\u00e1lt v\u00e1ltozata. K\u00e9toldali evez\u0151 tart\u00f3val, gy\u00e1rilag integr\u00e1lt \u00e9s lehajthat\u00f3 \u00fcl\u00e9sh\u00e1tt\u00e1ml\u00e1val, v\u00edzz\u00e1rt rekrekesszel \u00e9s el\u0151l, h\u00e1tul massz\u00edvabb lez\u00e1rhat\u00f3 fog\u00f3kkal eg\u00e9sz\u00edtett\u00e9k ki a kor\u00e1bbi Mambo kajakot. A Makao Deluxe Wheel verzi\u00f3 a saj\u00e1t sark\u00e1n gurul \u00edgy nem sz\u00fcks\u00e9ges hozz\u00e1 sitontop kocsi. Geometriai param\u00e9terei teljesen megegyeznek a Mamboval. Az...","protected":false},"featured_media":5817,"template":"","meta":{"om_disable_all_campaigns":false,"_monsterinsights_skip_tracking":false,"_monsterinsights_sitenote_active":false,"_monsterinsights_sitenote_note":"","_monsterinsights_sitenote_category":0},"product_brand":[],"product_cat":[265,395,397,354],"product_tag":[],"class_list":{"0":"post-5816","1":"product","2":"type-product","3":"status-publish","4":"has-post-thumbnail","6":"product_cat-elado-kajak","7":"product_cat-kis-kajak","8":"product_cat-rental-kolcsonzos-kajaktipus","9":"product_cat-sit-on-top-kajak","11":"first","12":"instock","13":"shipping-taxable","14":"purchasable","15":"product-type-simple"},"aioseo_notices":[],"_links":{"self":[{"href":"https:\/\/www.kajakshop.hu\/en\/wp-json\/wp\/v2\/product\/5816","targetHints":{"allow":["GET"]}}],"collection":[{"href":"https:\/\/www.kajakshop.hu\/en\/wp-json\/wp\/v2\/product"}],"about":[{"href":"https:\/\/www.kajakshop.hu\/en\/wp-json\/wp\/v2\/types\/product"}],"wp:featuredmedia":[{"embeddable":true,"href":"https:\/\/www.kajakshop.hu\/en\/wp-json\/wp\/v2\/media\/5817"}],"wp:attachment":[{"href":"https:\/\/www.kajakshop.hu\/en\/wp-json\/wp\/v2\/media?parent=5816"}],"wp:term":[{"taxonomy":"product_brand","embeddable":true,"href":"https:\/\/www.kajakshop.hu\/en\/wp-json\/wp\/v2\/product_brand?post=5816"},{"taxonomy":"product_cat","embeddable":true,"href":"https:\/\/www.kajakshop.hu\/en\/wp-json\/wp\/v2\/product_cat?post=5816"},{"taxonomy":"product_tag","embeddable":true,"href":"https:\/\/www.kajakshop.hu\/en\/wp-json\/wp\/v2\/product_tag?post=5816"}],"curies":[{"name":"wp","href":"https:\/\/api.w.org\/{rel}","templated":true}]}}