{"id":5865,"date":"2025-11-07T20:24:17","date_gmt":"2025-11-07T18:24:17","guid":{"rendered":"https:\/\/www.kajakshop.hu\/?post_type=product&#038;p=5865"},"modified":"2025-11-07T20:30:31","modified_gmt":"2025-11-07T18:30:31","slug":"robson-freeride-pro-kajakos-szarazdzseki","status":"publish","type":"product","link":"https:\/\/www.kajakshop.hu\/en\/product\/robson-freeride-pro-kajakos-szarazdzseki\/","title":{"rendered":"Robson Freeride Pro kayaking dry jacket"},"content":{"rendered":"<div class=\"container row-wrap-container\"><div class=\"vc_row wpb_row vc_row-fluid bg-center_center\"><div class=\"wpb_column vc_column_container vc_col-sm-12\"><div class=\"vc_column-inner\"><div class=\"wpb_wrapper\">\n\t<div class=\"wpb_text_column wpb_content_element\" >\n\t\t<div class=\"wpb_wrapper\">\n\t\t\t<h1 class=\"wp-block-heading\">Robson Freeride Pro<\/h1>\n<p>\u00a0 One of the most serious premium kayak jackets in the paddling world. Designed for the most extreme conditions.- The cut with functional seams provides great mobility and at the same time maximum comfort.-<\/p>\n<p>The jacket is equipped with a functional &quot;DOUBLE PULL&quot; tightening system on the waist.- You can comfortably pull the jacket close to the body at the waist with one movement.-<\/p>\n<p>The latex on the wrists is protected by an extended neoprene cuff. - Kevlar reinforcement on the elbows and forearms increases abrasion protection. -<\/p>\n<p>On the neck, the latex cuff is covered by a high neoprene protective collar.<\/p>\n<p>Four-layer laminated lightweight Goretex material.<\/p>\n\n\t\t<\/div>\n\t<\/div>\n<\/div><\/div><\/div><\/div><\/div>","protected":false},"excerpt":{"rendered":"Robson Freeride Pro \u00a0 Az evez\u0151svil\u00e1g egyik legkomolyabb pr\u00e9mium kajakos dzsekije. A legsz\u00e9ls\u0151s\u00e9gesebb k\u00f6r\u00fclm\u00e9nyekhez tervezett.- A funkcion\u00e1lis varratokkal ell\u00e1tott szab\u00e1s nagy mozg\u00e9konys\u00e1got \u00e9s egy\u00fattal maxim\u00e1lis k\u00e9nyelmet ny\u00fajt.- A kab\u00e1t egy funkcion\u00e1lis \"DOUBLE PULL\" megh\u00faz\u00f3 rendszerrel van felszerelve a derek\u00e1n.- Egy mozdulattal k\u00e9nyelmesen megh\u00fazhatja a kab\u00e1tot a der\u00e9kn\u00e1l a test k\u00f6zel\u00e9ben.- A csukl\u00f3n l\u00e9v\u0151 latexeket csukl\u00f3z\u00e1r\u00e1sokat...","protected":false},"featured_media":5866,"template":"","meta":{"om_disable_all_campaigns":false,"_monsterinsights_skip_tracking":false,"_monsterinsights_sitenote_active":false,"_monsterinsights_sitenote_note":"","_monsterinsights_sitenote_category":0},"product_brand":[],"product_cat":[396],"product_tag":[],"class_list":{"0":"post-5865","1":"product","2":"type-product","3":"status-publish","4":"has-post-thumbnail","6":"product_cat-kajakruhazat","8":"first","9":"instock","10":"sale","11":"shipping-taxable","12":"purchasable","13":"product-type-simple"},"aioseo_notices":[],"_links":{"self":[{"href":"https:\/\/www.kajakshop.hu\/en\/wp-json\/wp\/v2\/product\/5865","targetHints":{"allow":["GET"]}}],"collection":[{"href":"https:\/\/www.kajakshop.hu\/en\/wp-json\/wp\/v2\/product"}],"about":[{"href":"https:\/\/www.kajakshop.hu\/en\/wp-json\/wp\/v2\/types\/product"}],"wp:featuredmedia":[{"embeddable":true,"href":"https:\/\/www.kajakshop.hu\/en\/wp-json\/wp\/v2\/media\/5866"}],"wp:attachment":[{"href":"https:\/\/www.kajakshop.hu\/en\/wp-json\/wp\/v2\/media?parent=5865"}],"wp:term":[{"taxonomy":"product_brand","embeddable":true,"href":"https:\/\/www.kajakshop.hu\/en\/wp-json\/wp\/v2\/product_brand?post=5865"},{"taxonomy":"product_cat","embeddable":true,"href":"https:\/\/www.kajakshop.hu\/en\/wp-json\/wp\/v2\/product_cat?post=5865"},{"taxonomy":"product_tag","embeddable":true,"href":"https:\/\/www.kajakshop.hu\/en\/wp-json\/wp\/v2\/product_tag?post=5865"}],"curies":[{"name":"wp","href":"https:\/\/api.w.org\/{rel}","templated":true}]}}